{"id":10754,"date":"2022-11-01T02:44:11","date_gmt":"2022-11-01T02:44:11","guid":{"rendered":"https:\/\/www.cybeletile.com\/product\/classy-tender-pink\/"},"modified":"2023-07-17T08:27:25","modified_gmt":"2023-07-17T08:27:25","slug":"classy-tender-pink","status":"publish","type":"product","link":"https:\/\/www.cybeletile.com\/sr\/\u043f\u0440\u043e\u0438\u0437\u0432\u043e\u0434\/classy-tender-pink\/","title":{"rendered":"CLASSY TENDER PINK"},"content":{"rendered":"\t\t<div data-elementor-type=\"wp-post\" data-elementor-id=\"10754\" class=\"elementor elementor-10754 elementor-3463\">\n\t\t\t\t\t\t\t\t\t<section class=\"elementor-section elementor-top-section elementor-element elementor-element-16d4b830 elementor-section-boxed elementor-section-height-default elementor-section-height-default\" data-id=\"16d4b830\" data-element_type=\"section\">\n\t\t\t\t\t\t<div class=\"elementor-container elementor-column-gap-default\">\n\t\t\t\t\t<div class=\"elementor-column elementor-col-33 elementor-top-column elementor-element elementor-element-6546c17c\" data-id=\"6546c17c\" data-element_type=\"column\">\n\t\t\t<div class=\"elementor-widget-wrap elementor-element-populated\">\n\t\t\t\t\t\t\t\t<div class=\"elementor-element elementor-element-1f502708 elementor-widget elementor-widget-image\" data-id=\"1f502708\" data-element_type=\"widget\" data-widget_type=\"image.default\">\n\t\t\t\t<div class=\"elementor-widget-container\">\n\t\t\t<style>\/*! elementor - v3.7.8 - 02-10-2022 *\/\n.elementor-widget-image{text-align:center}.elementor-widget-image a{display:inline-block}.elementor-widget-image a img[src$=\".svg\"]{width:48px}.elementor-widget-image img{vertical-align:middle;display:inline-block}<\/style>\t\t\t\t\t\t\t\t\t\t\t\t<img decoding=\"async\" width=\"379\" height=\"146\" src=\"https:\/\/www.cybeletile.com\/wp-content\/uploads\/2022\/11\/resim_2022-11-01_045408331.png\" class=\"attachment-large size-large\" alt=\"\" srcset=\"https:\/\/www.cybeletile.com\/wp-content\/uploads\/2022\/11\/resim_2022-11-01_045408331.png 379w, https:\/\/www.cybeletile.com\/wp-content\/uploads\/2022\/11\/resim_2022-11-01_045408331-300x116.png 300w, https:\/\/www.cybeletile.com\/wp-content\/uploads\/2022\/11\/resim_2022-11-01_045408331-1x1.png 1w, https:\/\/www.cybeletile.com\/wp-content\/uploads\/2022\/11\/resim_2022-11-01_045408331-10x4.png 10w\" sizes=\"(max-width: 379px) 100vw, 379px\" \/>\t\t\t\t\t\t\t\t\t\t\t\t\t\t\t<\/div>\n\t\t\t\t<\/div>\n\t\t\t\t<div class=\"elementor-element elementor-element-45797d28 elementor-widget elementor-widget-image\" data-id=\"45797d28\" data-element_type=\"widget\" data-widget_type=\"image.default\">\n\t\t\t\t<div class=\"elementor-widget-container\">\n\t\t\t\t\t\t\t\t\t\t\t\t\t\t\t<img decoding=\"async\" width=\"1024\" height=\"178\" src=\"https:\/\/www.cybeletile.com\/wp-content\/uploads\/2022\/11\/resim_2022-11-01_045441500-1024x178.png\" class=\"attachment-large size-large\" alt=\"\" srcset=\"https:\/\/www.cybeletile.com\/wp-content\/uploads\/2022\/11\/resim_2022-11-01_045441500-1024x178.png 1024w, https:\/\/www.cybeletile.com\/wp-content\/uploads\/2022\/11\/resim_2022-11-01_045441500-300x52.png 300w, https:\/\/www.cybeletile.com\/wp-content\/uploads\/2022\/11\/resim_2022-11-01_045441500-768x134.png 768w, https:\/\/www.cybeletile.com\/wp-content\/uploads\/2022\/11\/resim_2022-11-01_045441500-1x1.png 1w, https:\/\/www.cybeletile.com\/wp-content\/uploads\/2022\/11\/resim_2022-11-01_045441500-10x2.png 10w, https:\/\/www.cybeletile.com\/wp-content\/uploads\/2022\/11\/resim_2022-11-01_045441500.png 1092w\" sizes=\"(max-width: 1024px) 100vw, 1024px\" \/>\t\t\t\t\t\t\t\t\t\t\t\t\t\t\t<\/div>\n\t\t\t\t<\/div>\n\t\t\t\t<div class=\"elementor-element elementor-element-404df93b elementor-widget elementor-widget-image\" data-id=\"404df93b\" data-element_type=\"widget\" data-widget_type=\"image.default\">\n\t\t\t\t<div class=\"elementor-widget-container\">\n\t\t\t\t\t\t\t\t\t\t\t\t\t\t\t<img decoding=\"async\" width=\"873\" height=\"1024\" src=\"https:\/\/www.cybeletile.com\/wp-content\/uploads\/2022\/10\/9mm-4-face-873x1024.jpg\" class=\"attachment-large size-large\" alt=\"\" srcset=\"https:\/\/www.cybeletile.com\/wp-content\/uploads\/2022\/10\/9mm-4-face-873x1024.jpg 873w, https:\/\/www.cybeletile.com\/wp-content\/uploads\/2022\/10\/9mm-4-face-256x300.jpg 256w, https:\/\/www.cybeletile.com\/wp-content\/uploads\/2022\/10\/9mm-4-face-768x901.jpg 768w, https:\/\/www.cybeletile.com\/wp-content\/uploads\/2022\/10\/9mm-4-face-1x1.jpg 1w, https:\/\/www.cybeletile.com\/wp-content\/uploads\/2022\/10\/9mm-4-face.jpg 900w\" sizes=\"(max-width: 873px) 100vw, 873px\" \/>\t\t\t\t\t\t\t\t\t\t\t\t\t\t\t<\/div>\n\t\t\t\t<\/div>\n\t\t\t\t\t<\/div>\n\t\t<\/div>\n\t\t\t\t<div class=\"elementor-column elementor-col-33 elementor-top-column elementor-element elementor-element-5efb248c\" data-id=\"5efb248c\" data-element_type=\"column\">\n\t\t\t<div class=\"elementor-widget-wrap elementor-element-populated\">\n\t\t\t\t\t\t\t\t<div class=\"elementor-element elementor-element-247fe55 elementor-widget elementor-widget-image\" data-id=\"247fe55\" data-element_type=\"widget\" data-widget_type=\"image.default\">\n\t\t\t\t<div class=\"elementor-widget-container\">\n\t\t\t\t\t\t\t\t\t\t\t\t\t\t\t<img decoding=\"async\" width=\"520\" height=\"1024\" src=\"https:\/\/www.cybeletile.com\/wp-content\/uploads\/2022\/11\/resim_2022-11-01_054313652-520x1024.jpg\" class=\"attachment-large size-large\" alt=\"\" srcset=\"https:\/\/www.cybeletile.com\/wp-content\/uploads\/2022\/11\/resim_2022-11-01_054313652-520x1024.jpg 520w, https:\/\/www.cybeletile.com\/wp-content\/uploads\/2022\/11\/resim_2022-11-01_054313652-152x300.jpg 152w, https:\/\/www.cybeletile.com\/wp-content\/uploads\/2022\/11\/resim_2022-11-01_054313652-768x1512.jpg 768w, https:\/\/www.cybeletile.com\/wp-content\/uploads\/2022\/11\/resim_2022-11-01_054313652-780x1536.jpg 780w, https:\/\/www.cybeletile.com\/wp-content\/uploads\/2022\/11\/resim_2022-11-01_054313652-1x1.jpg 1w, https:\/\/www.cybeletile.com\/wp-content\/uploads\/2022\/11\/resim_2022-11-01_054313652-5x10.jpg 5w, https:\/\/www.cybeletile.com\/wp-content\/uploads\/2022\/11\/resim_2022-11-01_054313652.jpg 975w\" sizes=\"(max-width: 520px) 100vw, 520px\" \/>\t\t\t\t\t\t\t\t\t\t\t\t\t\t\t<\/div>\n\t\t\t\t<\/div>\n\t\t\t\t\t<\/div>\n\t\t<\/div>\n\t\t\t\t<div class=\"elementor-column elementor-col-33 elementor-top-column elementor-element elementor-element-6a24f7cf\" data-id=\"6a24f7cf\" data-element_type=\"column\">\n\t\t\t<div class=\"elementor-widget-wrap elementor-element-populated\">\n\t\t\t\t\t\t\t\t<div class=\"elementor-element elementor-element-25ed9d72 elementor-widget elementor-widget-etheme_gallery\" data-id=\"25ed9d72\" data-element_type=\"widget\" data-settings=\"{&quot;columns&quot;:{&quot;unit&quot;:&quot;px&quot;,&quot;size&quot;:2,&quot;sizes&quot;:[]},&quot;type&quot;:&quot;masonry&quot;,&quot;columns_tablet&quot;:{&quot;unit&quot;:&quot;px&quot;,&quot;size&quot;:3,&quot;sizes&quot;:[]},&quot;columns_mobile&quot;:{&quot;unit&quot;:&quot;px&quot;,&quot;size&quot;:2,&quot;sizes&quot;:[]},&quot;columns_gap&quot;:{&quot;unit&quot;:&quot;px&quot;,&quot;size&quot;:10,&quot;sizes&quot;:[]},&quot;columns_gap_tablet&quot;:{&quot;unit&quot;:&quot;px&quot;,&quot;size&quot;:&quot;&quot;,&quot;sizes&quot;:[]},&quot;columns_gap_mobile&quot;:{&quot;unit&quot;:&quot;px&quot;,&quot;size&quot;:&quot;&quot;,&quot;sizes&quot;:[]},&quot;rows_gap&quot;:{&quot;unit&quot;:&quot;px&quot;,&quot;size&quot;:10,&quot;sizes&quot;:[]},&quot;rows_gap_tablet&quot;:{&quot;unit&quot;:&quot;px&quot;,&quot;size&quot;:&quot;&quot;,&quot;sizes&quot;:[]},&quot;rows_gap_mobile&quot;:{&quot;unit&quot;:&quot;px&quot;,&quot;size&quot;:&quot;&quot;,&quot;sizes&quot;:[]}}\" data-widget_type=\"etheme_gallery.default\">\n\t\t\t\t<div class=\"elementor-widget-container\">\n\t\t\t        \r\n        <div class=\"etheme-gallery-wrapper\">\r\n            \t            \r\n\t            <div class=\"e-gallery etheme-gallery active\" id=\"etheme-gallery-2357\" data-item-settings=\"{&quot;type&quot;:&quot;masonry&quot;}\" data-uniq-id=\"2357\">\r\n                                <div class=\"e-gallery-item etheme-gallery-item\">\r\n                <div class=\"etheme-gallery-item-overlay\">\r\n                    <a data-elementor-open-lightbox=\"yes\" data-elementor-lightbox-slideshow=\"all-25ed9d72\" data-elementor-lightbox-title=\"resim_2022-11-01_054504935\" e-action-hash=\"#elementor-action%3Aaction%3Dlightbox%26settings%3DeyJpZCI6MzQ2NywidXJsIjoiaHR0cHM6XC9cL3d3dy5jeWJlbGV0aWxlLmNvbVwvd3AtY29udGVudFwvdXBsb2Fkc1wvMjAyMlwvMTFcL3Jlc2ltXzIwMjItMTEtMDFfMDU0NTA0OTM1LmpwZyIsInNsaWRlc2hvdyI6ImFsbC0yNWVkOWQ3MiJ9\" class=\"e-gallery-image etheme-gallery-image elementor-gallery-item__image\" data-thumbnail=\"https:\/\/www.cybeletile.com\/wp-content\/uploads\/2022\/11\/resim_2022-11-01_054504935.jpg\" data-width=\"491\" data-height=\"966\" alt=\"\" style=\"background-image: url(&#039;https:\/\/www.cybeletile.com\/wp-content\/uploads\/2022\/11\/resim_2022-11-01_054504935.jpg&#039;)\" href=\"https:\/\/www.cybeletile.com\/wp-content\/uploads\/2022\/11\/resim_2022-11-01_054504935.jpg\"><\/a>\r\n\t                                <\/div>\r\n\t            <span class=\"etheme-gallery-item-details etheme-gallery-item-details-inside with-alignment\"><span class=\"etheme-gallery-lightbox-icon\">\r\n            <svg version=\"1.1\" xmlns=\"http:\/\/www.w3.org\/2000\/svg\" width=\"1em\" height=\"1em\" viewBox=\"0 0 24 24\" fill=\"currentColor\">\r\n                <path d=\"M23.784 22.8l-6.168-6.144c1.584-1.848 2.448-4.176 2.448-6.576 0-5.52-4.488-10.032-10.032-10.032-5.52 0-10.008 4.488-10.008 10.008s4.488 10.032 10.032 10.032c2.424 0 4.728-0.864 6.576-2.472l6.168 6.144c0.144 0.144 0.312 0.216 0.48 0.216s0.336-0.072 0.456-0.192c0.144-0.12 0.216-0.288 0.24-0.48 0-0.192-0.072-0.384-0.192-0.504zM18.696 10.080c0 4.752-3.888 8.64-8.664 8.64-4.752 0-8.64-3.888-8.64-8.664 0-4.752 3.888-8.64 8.664-8.64s8.64 3.888 8.64 8.664z\"><\/path>\r\n            <\/svg>\r\n        <\/span><\/span>\t                        <\/div>\r\n\t                <div class=\"e-gallery-item etheme-gallery-item\">\r\n                <div class=\"etheme-gallery-item-overlay\">\r\n                    <a data-elementor-open-lightbox=\"yes\" data-elementor-lightbox-slideshow=\"all-25ed9d72\" data-elementor-lightbox-title=\"resim_2022-11-01_054508472\" e-action-hash=\"#elementor-action%3Aaction%3Dlightbox%26settings%3DeyJpZCI6MzQ2OCwidXJsIjoiaHR0cHM6XC9cL3d3dy5jeWJlbGV0aWxlLmNvbVwvd3AtY29udGVudFwvdXBsb2Fkc1wvMjAyMlwvMTFcL3Jlc2ltXzIwMjItMTEtMDFfMDU0NTA4NDcyLmpwZyIsInNsaWRlc2hvdyI6ImFsbC0yNWVkOWQ3MiJ9\" class=\"e-gallery-image etheme-gallery-image elementor-gallery-item__image\" data-thumbnail=\"https:\/\/www.cybeletile.com\/wp-content\/uploads\/2022\/11\/resim_2022-11-01_054508472.jpg\" data-width=\"491\" data-height=\"966\" alt=\"\" style=\"background-image: url(&#039;https:\/\/www.cybeletile.com\/wp-content\/uploads\/2022\/11\/resim_2022-11-01_054508472.jpg&#039;)\" href=\"https:\/\/www.cybeletile.com\/wp-content\/uploads\/2022\/11\/resim_2022-11-01_054508472.jpg\"><\/a>\r\n\t                                <\/div>\r\n\t            <span class=\"etheme-gallery-item-details etheme-gallery-item-details-inside with-alignment\"><span class=\"etheme-gallery-lightbox-icon\">\r\n            <svg version=\"1.1\" xmlns=\"http:\/\/www.w3.org\/2000\/svg\" width=\"1em\" height=\"1em\" viewBox=\"0 0 24 24\" fill=\"currentColor\">\r\n                <path d=\"M23.784 22.8l-6.168-6.144c1.584-1.848 2.448-4.176 2.448-6.576 0-5.52-4.488-10.032-10.032-10.032-5.52 0-10.008 4.488-10.008 10.008s4.488 10.032 10.032 10.032c2.424 0 4.728-0.864 6.576-2.472l6.168 6.144c0.144 0.144 0.312 0.216 0.48 0.216s0.336-0.072 0.456-0.192c0.144-0.12 0.216-0.288 0.24-0.48 0-0.192-0.072-0.384-0.192-0.504zM18.696 10.080c0 4.752-3.888 8.64-8.664 8.64-4.752 0-8.64-3.888-8.64-8.664 0-4.752 3.888-8.64 8.664-8.64s8.64 3.888 8.64 8.664z\"><\/path>\r\n            <\/svg>\r\n        <\/span><\/span>\t                        <\/div>\r\n\t                <div class=\"e-gallery-item etheme-gallery-item\">\r\n                <div class=\"etheme-gallery-item-overlay\">\r\n                    <a data-elementor-open-lightbox=\"yes\" data-elementor-lightbox-slideshow=\"all-25ed9d72\" data-elementor-lightbox-title=\"resim_2022-11-01_054512027\" e-action-hash=\"#elementor-action%3Aaction%3Dlightbox%26settings%3DeyJpZCI6MzQ2OSwidXJsIjoiaHR0cHM6XC9cL3d3dy5jeWJlbGV0aWxlLmNvbVwvd3AtY29udGVudFwvdXBsb2Fkc1wvMjAyMlwvMTFcL3Jlc2ltXzIwMjItMTEtMDFfMDU0NTEyMDI3LmpwZyIsInNsaWRlc2hvdyI6ImFsbC0yNWVkOWQ3MiJ9\" class=\"e-gallery-image etheme-gallery-image elementor-gallery-item__image\" data-thumbnail=\"https:\/\/www.cybeletile.com\/wp-content\/uploads\/2022\/11\/resim_2022-11-01_054512027.jpg\" data-width=\"491\" data-height=\"966\" alt=\"\" style=\"background-image: url(&#039;https:\/\/www.cybeletile.com\/wp-content\/uploads\/2022\/11\/resim_2022-11-01_054512027.jpg&#039;)\" href=\"https:\/\/www.cybeletile.com\/wp-content\/uploads\/2022\/11\/resim_2022-11-01_054512027.jpg\"><\/a>\r\n\t                                <\/div>\r\n\t            <span class=\"etheme-gallery-item-details etheme-gallery-item-details-inside with-alignment\"><span class=\"etheme-gallery-lightbox-icon\">\r\n            <svg version=\"1.1\" xmlns=\"http:\/\/www.w3.org\/2000\/svg\" width=\"1em\" height=\"1em\" viewBox=\"0 0 24 24\" fill=\"currentColor\">\r\n                <path d=\"M23.784 22.8l-6.168-6.144c1.584-1.848 2.448-4.176 2.448-6.576 0-5.52-4.488-10.032-10.032-10.032-5.52 0-10.008 4.488-10.008 10.008s4.488 10.032 10.032 10.032c2.424 0 4.728-0.864 6.576-2.472l6.168 6.144c0.144 0.144 0.312 0.216 0.48 0.216s0.336-0.072 0.456-0.192c0.144-0.12 0.216-0.288 0.24-0.48 0-0.192-0.072-0.384-0.192-0.504zM18.696 10.080c0 4.752-3.888 8.64-8.664 8.64-4.752 0-8.64-3.888-8.64-8.664 0-4.752 3.888-8.64 8.664-8.64s8.64 3.888 8.64 8.664z\"><\/path>\r\n            <\/svg>\r\n        <\/span><\/span>\t                        <\/div>\r\n\t                <div class=\"e-gallery-item etheme-gallery-item\">\r\n                <div class=\"etheme-gallery-item-overlay\">\r\n                    <a data-elementor-open-lightbox=\"yes\" data-elementor-lightbox-slideshow=\"all-25ed9d72\" data-elementor-lightbox-title=\"resim_2022-11-01_054516175\" e-action-hash=\"#elementor-action%3Aaction%3Dlightbox%26settings%3DeyJpZCI6MzQ3MCwidXJsIjoiaHR0cHM6XC9cL3d3dy5jeWJlbGV0aWxlLmNvbVwvd3AtY29udGVudFwvdXBsb2Fkc1wvMjAyMlwvMTFcL3Jlc2ltXzIwMjItMTEtMDFfMDU0NTE2MTc1LmpwZyIsInNsaWRlc2hvdyI6ImFsbC0yNWVkOWQ3MiJ9\" class=\"e-gallery-image etheme-gallery-image elementor-gallery-item__image\" data-thumbnail=\"https:\/\/www.cybeletile.com\/wp-content\/uploads\/2022\/11\/resim_2022-11-01_054516175.jpg\" data-width=\"491\" data-height=\"966\" alt=\"\" style=\"background-image: url(&#039;https:\/\/www.cybeletile.com\/wp-content\/uploads\/2022\/11\/resim_2022-11-01_054516175.jpg&#039;)\" href=\"https:\/\/www.cybeletile.com\/wp-content\/uploads\/2022\/11\/resim_2022-11-01_054516175.jpg\"><\/a>\r\n\t                                <\/div>\r\n\t            <span class=\"etheme-gallery-item-details etheme-gallery-item-details-inside with-alignment\"><span class=\"etheme-gallery-lightbox-icon\">\r\n            <svg version=\"1.1\" xmlns=\"http:\/\/www.w3.org\/2000\/svg\" width=\"1em\" height=\"1em\" viewBox=\"0 0 24 24\" fill=\"currentColor\">\r\n                <path d=\"M23.784 22.8l-6.168-6.144c1.584-1.848 2.448-4.176 2.448-6.576 0-5.52-4.488-10.032-10.032-10.032-5.52 0-10.008 4.488-10.008 10.008s4.488 10.032 10.032 10.032c2.424 0 4.728-0.864 6.576-2.472l6.168 6.144c0.144 0.144 0.312 0.216 0.48 0.216s0.336-0.072 0.456-0.192c0.144-0.12 0.216-0.288 0.24-0.48 0-0.192-0.072-0.384-0.192-0.504zM18.696 10.080c0 4.752-3.888 8.64-8.664 8.64-4.752 0-8.64-3.888-8.64-8.664 0-4.752 3.888-8.64 8.664-8.64s8.64 3.888 8.64 8.664z\"><\/path>\r\n            <\/svg>\r\n        <\/span><\/span>\t                        <\/div>\r\n\t                    <\/div>\r\n                    <\/div>\r\n        \r\n        \t\t<\/div>\n\t\t\t\t<\/div>\n\t\t\t\t\t<\/div>\n\t\t<\/div>\n\t\t\t\t\t\t\t<\/div>\n\t\t<\/section>\n\t\t\t\t\t\t\t<\/div>\n\t\t","protected":false},"excerpt":{"rendered":"<p>60&#215;120 Tile Ceramic<\/p>\n","protected":false},"featured_media":10439,"comment_status":"open","ping_status":"closed","template":"","meta":[],"etheme_brands":[{"term_id":63,"name":"Cybele Tile","slug":"cybele-tile","term_group":0,"term_taxonomy_id":63,"taxonomy":"brand","description":"CybeleTile, uluslararas\u0131 ince karo uzmanlar\u0131n\u0131 ve do\u011fulu en iyi mimarlar\u0131 bir araya getirerek, en son ve yenilik\u00e7i \u00f6zel teknolojiyi kullanarak her ebatta Avrupa standartlar\u0131nda slim karo \u00fcretmektedir. Tasar\u0131m \u00f6zellikleri, ya\u015fam enerjisinin g\u00fc\u00e7l\u00fc belirleyicileridir. Bundan yola \u00e7\u0131karak daha etkili sonu\u00e7lar almak i\u00e7in insan\u0131 \u00e7\u0131k\u0131\u015f noktam\u0131z olarak benimsiyoruz. Taleplerinizin mekana yans\u0131mas\u0131 en \u00f6nemli kriterlerimizi olu\u015fturmaktad\u0131r. Ki\u015fisel ve ticari kullan\u0131m dahil olmak \u00fczere en ince ayr\u0131nt\u0131lar\u0131 titizlikle i\u015fliyoruz. \u00d6zel tasar\u0131mlara odaklan\u0131rken, g\u00f6rsellik ve malzemenin m\u00fckemmel birle\u015fimini olu\u015fturan karolar sunuyoruz.","parent":0,"count":1242,"filter":"raw"}],"product_cat":[207],"product_tag":[],"class_list":["post-10754","product","type-product","status-publish","has-post-thumbnail","hentry","brand-cybele-tile","product_cat-soft-colours-series-sr"],"yoast_head":"<!-- This site is optimized with the Yoast SEO plugin v19.10 - https:\/\/yoast.com\/wordpress\/plugins\/seo\/ -->\n<title>CLASSY TENDER PINK - Cybele Tile<\/title>\n<meta name=\"robots\" content=\"index, follow, max-snippet:-1, max-image-preview:large, max-video-preview:-1\" \/>\n<link rel=\"canonical\" href=\"https:\/\/www.cybeletile.com\/sr\/\u043f\u0440\u043e\u0438\u0437\u0432\u043e\u0434\/classy-tender-pink\/\" \/>\n<meta property=\"og:locale\" content=\"sr_RS\" \/>\n<meta property=\"og:type\" content=\"article\" \/>\n<meta property=\"og:title\" content=\"CLASSY TENDER PINK - Cybele Tile\" \/>\n<meta property=\"og:description\" content=\"60x120 Tile Ceramic\" \/>\n<meta property=\"og:url\" content=\"https:\/\/www.cybeletile.com\/sr\/\u043f\u0440\u043e\u0438\u0437\u0432\u043e\u0434\/classy-tender-pink\/\" \/>\n<meta property=\"og:site_name\" content=\"Cybele Tile\" \/>\n<meta property=\"article:publisher\" content=\"https:\/\/www.facebook.com\/cybeletile\" \/>\n<meta property=\"article:modified_time\" content=\"2023-07-17T08:27:25+00:00\" \/>\n<meta property=\"og:image\" content=\"https:\/\/www.cybeletile.com\/wp-content\/uploads\/2022\/11\/resim_2022-11-01_054313652.jpg\" \/>\n\t<meta property=\"og:image:width\" content=\"975\" \/>\n\t<meta property=\"og:image:height\" content=\"1920\" \/>\n\t<meta property=\"og:image:type\" content=\"image\/jpeg\" \/>\n<meta name=\"twitter:card\" content=\"summary_large_image\" \/>\n<script type=\"application\/ld+json\" class=\"yoast-schema-graph\">{\"@context\":\"https:\/\/schema.org\",\"@graph\":[{\"@type\":\"WebPage\",\"@id\":\"https:\/\/www.cybeletile.com\/sr\/\u043f\u0440\u043e\u0438\u0437\u0432\u043e\u0434\/classy-tender-pink\/\",\"url\":\"https:\/\/www.cybeletile.com\/sr\/\u043f\u0440\u043e\u0438\u0437\u0432\u043e\u0434\/classy-tender-pink\/\",\"name\":\"CLASSY TENDER PINK - Cybele Tile\",\"isPartOf\":{\"@id\":\"https:\/\/www.cybeletile.com\/#website\"},\"datePublished\":\"2022-11-01T02:44:11+00:00\",\"dateModified\":\"2023-07-17T08:27:25+00:00\",\"breadcrumb\":{\"@id\":\"https:\/\/www.cybeletile.com\/sr\/\u043f\u0440\u043e\u0438\u0437\u0432\u043e\u0434\/classy-tender-pink\/#breadcrumb\"},\"inLanguage\":\"sr-RS\",\"potentialAction\":[{\"@type\":\"ReadAction\",\"target\":[\"https:\/\/www.cybeletile.com\/sr\/\u043f\u0440\u043e\u0438\u0437\u0432\u043e\u0434\/classy-tender-pink\/\"]}]},{\"@type\":\"BreadcrumbList\",\"@id\":\"https:\/\/www.cybeletile.com\/sr\/\u043f\u0440\u043e\u0438\u0437\u0432\u043e\u0434\/classy-tender-pink\/#breadcrumb\",\"itemListElement\":[{\"@type\":\"ListItem\",\"position\":1,\"name\":\"Anasayfa\",\"item\":\"https:\/\/www.cybeletile.com\/\"},{\"@type\":\"ListItem\",\"position\":2,\"name\":\"\u041d\u0430\u0448\u0438 \u041f\u0440\u043e\u0438\u0437\u0432\u043e\u0434\u0438\",\"item\":\"https:\/\/www.cybeletile.com\/sr\/%d0%bd%d0%b0%d1%88%d0%b8-%d0%bf%d1%80%d0%be%d0%b8%d0%b7%d0%b2%d0%be%d0%b4%d0%b8\/\"},{\"@type\":\"ListItem\",\"position\":3,\"name\":\"CLASSY TENDER PINK\"}]},{\"@type\":\"WebSite\",\"@id\":\"https:\/\/www.cybeletile.com\/#website\",\"url\":\"https:\/\/www.cybeletile.com\/\",\"name\":\"Cybele Tile\",\"description\":\"Cybele Tile\",\"publisher\":{\"@id\":\"https:\/\/www.cybeletile.com\/#organization\"},\"potentialAction\":[{\"@type\":\"SearchAction\",\"target\":{\"@type\":\"EntryPoint\",\"urlTemplate\":\"https:\/\/www.cybeletile.com\/?s={search_term_string}\"},\"query-input\":\"required name=search_term_string\"}],\"inLanguage\":\"sr-RS\"},{\"@type\":\"Organization\",\"@id\":\"https:\/\/www.cybeletile.com\/#organization\",\"name\":\"Cybele Tile\",\"url\":\"https:\/\/www.cybeletile.com\/\",\"logo\":{\"@type\":\"ImageObject\",\"inLanguage\":\"sr-RS\",\"@id\":\"https:\/\/www.cybeletile.com\/#\/schema\/logo\/image\/\",\"url\":\"https:\/\/www.cybeletile.com\/wp-content\/uploads\/2022\/11\/resim_2022-11-27_131728817.png\",\"contentUrl\":\"https:\/\/www.cybeletile.com\/wp-content\/uploads\/2022\/11\/resim_2022-11-27_131728817.png\",\"width\":300,\"height\":59,\"caption\":\"Cybele Tile\"},\"image\":{\"@id\":\"https:\/\/www.cybeletile.com\/#\/schema\/logo\/image\/\"},\"sameAs\":[\"https:\/\/www.instagram.com\/cybele_tile\",\"https:\/\/www.facebook.com\/cybeletile\"]}]}<\/script>\n<!-- \/ Yoast SEO plugin. -->","yoast_head_json":{"title":"CLASSY TENDER PINK - Cybele Tile","robots":{"index":"index","follow":"follow","max-snippet":"max-snippet:-1","max-image-preview":"max-image-preview:large","max-video-preview":"max-video-preview:-1"},"canonical":"https:\/\/www.cybeletile.com\/sr\/\u043f\u0440\u043e\u0438\u0437\u0432\u043e\u0434\/classy-tender-pink\/","og_locale":"sr_RS","og_type":"article","og_title":"CLASSY TENDER PINK - Cybele Tile","og_description":"60x120 Tile Ceramic","og_url":"https:\/\/www.cybeletile.com\/sr\/\u043f\u0440\u043e\u0438\u0437\u0432\u043e\u0434\/classy-tender-pink\/","og_site_name":"Cybele Tile","article_publisher":"https:\/\/www.facebook.com\/cybeletile","article_modified_time":"2023-07-17T08:27:25+00:00","og_image":[{"width":975,"height":1920,"url":"https:\/\/www.cybeletile.com\/wp-content\/uploads\/2022\/11\/resim_2022-11-01_054313652.jpg","type":"image\/jpeg"}],"twitter_card":"summary_large_image","schema":{"@context":"https:\/\/schema.org","@graph":[{"@type":"WebPage","@id":"https:\/\/www.cybeletile.com\/sr\/\u043f\u0440\u043e\u0438\u0437\u0432\u043e\u0434\/classy-tender-pink\/","url":"https:\/\/www.cybeletile.com\/sr\/\u043f\u0440\u043e\u0438\u0437\u0432\u043e\u0434\/classy-tender-pink\/","name":"CLASSY TENDER PINK - Cybele Tile","isPartOf":{"@id":"https:\/\/www.cybeletile.com\/#website"},"datePublished":"2022-11-01T02:44:11+00:00","dateModified":"2023-07-17T08:27:25+00:00","breadcrumb":{"@id":"https:\/\/www.cybeletile.com\/sr\/\u043f\u0440\u043e\u0438\u0437\u0432\u043e\u0434\/classy-tender-pink\/#breadcrumb"},"inLanguage":"sr-RS","potentialAction":[{"@type":"ReadAction","target":["https:\/\/www.cybeletile.com\/sr\/\u043f\u0440\u043e\u0438\u0437\u0432\u043e\u0434\/classy-tender-pink\/"]}]},{"@type":"BreadcrumbList","@id":"https:\/\/www.cybeletile.com\/sr\/\u043f\u0440\u043e\u0438\u0437\u0432\u043e\u0434\/classy-tender-pink\/#breadcrumb","itemListElement":[{"@type":"ListItem","position":1,"name":"Anasayfa","item":"https:\/\/www.cybeletile.com\/"},{"@type":"ListItem","position":2,"name":"\u041d\u0430\u0448\u0438 \u041f\u0440\u043e\u0438\u0437\u0432\u043e\u0434\u0438","item":"https:\/\/www.cybeletile.com\/sr\/%d0%bd%d0%b0%d1%88%d0%b8-%d0%bf%d1%80%d0%be%d0%b8%d0%b7%d0%b2%d0%be%d0%b4%d0%b8\/"},{"@type":"ListItem","position":3,"name":"CLASSY TENDER PINK"}]},{"@type":"WebSite","@id":"https:\/\/www.cybeletile.com\/#website","url":"https:\/\/www.cybeletile.com\/","name":"Cybele Tile","description":"Cybele Tile","publisher":{"@id":"https:\/\/www.cybeletile.com\/#organization"},"potentialAction":[{"@type":"SearchAction","target":{"@type":"EntryPoint","urlTemplate":"https:\/\/www.cybeletile.com\/?s={search_term_string}"},"query-input":"required name=search_term_string"}],"inLanguage":"sr-RS"},{"@type":"Organization","@id":"https:\/\/www.cybeletile.com\/#organization","name":"Cybele Tile","url":"https:\/\/www.cybeletile.com\/","logo":{"@type":"ImageObject","inLanguage":"sr-RS","@id":"https:\/\/www.cybeletile.com\/#\/schema\/logo\/image\/","url":"https:\/\/www.cybeletile.com\/wp-content\/uploads\/2022\/11\/resim_2022-11-27_131728817.png","contentUrl":"https:\/\/www.cybeletile.com\/wp-content\/uploads\/2022\/11\/resim_2022-11-27_131728817.png","width":300,"height":59,"caption":"Cybele Tile"},"image":{"@id":"https:\/\/www.cybeletile.com\/#\/schema\/logo\/image\/"},"sameAs":["https:\/\/www.instagram.com\/cybele_tile","https:\/\/www.facebook.com\/cybeletile"]}]}},"_links":{"self":[{"href":"https:\/\/www.cybeletile.com\/sr\/wp-json\/wp\/v2\/product\/10754","targetHints":{"allow":["GET"]}}],"collection":[{"href":"https:\/\/www.cybeletile.com\/sr\/wp-json\/wp\/v2\/product"}],"about":[{"href":"https:\/\/www.cybeletile.com\/sr\/wp-json\/wp\/v2\/types\/product"}],"replies":[{"embeddable":true,"href":"https:\/\/www.cybeletile.com\/sr\/wp-json\/wp\/v2\/comments?post=10754"}],"version-history":[{"count":5,"href":"https:\/\/www.cybeletile.com\/sr\/wp-json\/wp\/v2\/product\/10754\/revisions"}],"predecessor-version":[{"id":17824,"href":"https:\/\/www.cybeletile.com\/sr\/wp-json\/wp\/v2\/product\/10754\/revisions\/17824"}],"wp:featuredmedia":[{"embeddable":true,"href":"https:\/\/www.cybeletile.com\/sr\/wp-json\/wp\/v2\/media\/10439"}],"wp:attachment":[{"href":"https:\/\/www.cybeletile.com\/sr\/wp-json\/wp\/v2\/media?parent=10754"}],"wp:term":[{"taxonomy":"brand","embeddable":true,"href":"https:\/\/www.cybeletile.com\/sr\/wp-json\/wp\/v2\/etheme_brands?post=10754"},{"taxonomy":"product_cat","embeddable":true,"href":"https:\/\/www.cybeletile.com\/sr\/wp-json\/wp\/v2\/product_cat?post=10754"},{"taxonomy":"product_tag","embeddable":true,"href":"https:\/\/www.cybeletile.com\/sr\/wp-json\/wp\/v2\/product_tag?post=10754"}],"curies":[{"name":"wp","href":"https:\/\/api.w.org\/{rel}","templated":true}]}}