{"id":11285,"date":"2022-10-31T16:08:11","date_gmt":"2022-10-31T16:08:11","guid":{"rendered":"https:\/\/www.cybeletile.com\/product\/golden-strom\/"},"modified":"2023-06-01T11:34:54","modified_gmt":"2023-06-01T11:34:54","slug":"golden-strom","status":"publish","type":"product","link":"https:\/\/www.cybeletile.com\/ru\/product\/golden-strom\/","title":{"rendered":"GOLDEN STROM"},"content":{"rendered":"\t\t<div data-elementor-type=\"wp-post\" data-elementor-id=\"11285\" class=\"elementor elementor-11285 elementor-2199\">\n\t\t\t\t\t\t\t\t\t<section class=\"elementor-section elementor-top-section elementor-element elementor-element-b416574 elementor-section-boxed elementor-section-height-default elementor-section-height-default\" data-id=\"b416574\" data-element_type=\"section\">\n\t\t\t\t\t\t<div class=\"elementor-container elementor-column-gap-default\">\n\t\t\t\t\t<div class=\"elementor-column elementor-col-33 elementor-top-column elementor-element elementor-element-ede340c\" data-id=\"ede340c\" data-element_type=\"column\">\n\t\t\t<div class=\"elementor-widget-wrap elementor-element-populated\">\n\t\t\t\t\t\t\t\t<div class=\"elementor-element elementor-element-25d519ba elementor-widget elementor-widget-image\" data-id=\"25d519ba\" data-element_type=\"widget\" data-widget_type=\"image.default\">\n\t\t\t\t<div class=\"elementor-widget-container\">\n\t\t\t<style>\/*! elementor - v3.7.8 - 02-10-2022 *\/\n.elementor-widget-image{text-align:center}.elementor-widget-image a{display:inline-block}.elementor-widget-image a img[src$=\".svg\"]{width:48px}.elementor-widget-image img{vertical-align:middle;display:inline-block}<\/style>\t\t\t\t\t\t\t\t\t\t\t\t<img decoding=\"async\" width=\"313\" height=\"127\" src=\"https:\/\/www.cybeletile.com\/wp-content\/uploads\/2022\/10\/resim_2022-10-31_133855483.png\" class=\"attachment-large size-large\" alt=\"\" srcset=\"https:\/\/www.cybeletile.com\/wp-content\/uploads\/2022\/10\/resim_2022-10-31_133855483.png 313w, https:\/\/www.cybeletile.com\/wp-content\/uploads\/2022\/10\/resim_2022-10-31_133855483-300x122.png 300w, https:\/\/www.cybeletile.com\/wp-content\/uploads\/2022\/10\/resim_2022-10-31_133855483-1x1.png 1w, https:\/\/www.cybeletile.com\/wp-content\/uploads\/2022\/10\/resim_2022-10-31_133855483-10x4.png 10w\" sizes=\"(max-width: 313px) 100vw, 313px\" \/>\t\t\t\t\t\t\t\t\t\t\t\t\t\t\t<\/div>\n\t\t\t\t<\/div>\n\t\t\t\t<div class=\"elementor-element elementor-element-21024824 elementor-widget elementor-widget-image\" data-id=\"21024824\" data-element_type=\"widget\" data-widget_type=\"image.default\">\n\t\t\t\t<div class=\"elementor-widget-container\">\n\t\t\t\t\t\t\t\t\t\t\t\t\t\t\t<img decoding=\"async\" width=\"539\" height=\"108\" src=\"https:\/\/www.cybeletile.com\/wp-content\/uploads\/2022\/10\/resim_2022-10-31_134038539.png\" class=\"attachment-large size-large\" alt=\"\" srcset=\"https:\/\/www.cybeletile.com\/wp-content\/uploads\/2022\/10\/resim_2022-10-31_134038539.png 539w, https:\/\/www.cybeletile.com\/wp-content\/uploads\/2022\/10\/resim_2022-10-31_134038539-300x60.png 300w, https:\/\/www.cybeletile.com\/wp-content\/uploads\/2022\/10\/resim_2022-10-31_134038539-1x1.png 1w, https:\/\/www.cybeletile.com\/wp-content\/uploads\/2022\/10\/resim_2022-10-31_134038539-10x2.png 10w\" sizes=\"(max-width: 539px) 100vw, 539px\" \/>\t\t\t\t\t\t\t\t\t\t\t\t\t\t\t<\/div>\n\t\t\t\t<\/div>\n\t\t\t\t<div class=\"elementor-element elementor-element-31756d8c elementor-widget elementor-widget-image\" data-id=\"31756d8c\" data-element_type=\"widget\" data-widget_type=\"image.default\">\n\t\t\t\t<div class=\"elementor-widget-container\">\n\t\t\t\t\t\t\t\t\t\t\t\t\t\t\t<img decoding=\"async\" width=\"845\" height=\"1024\" src=\"https:\/\/www.cybeletile.com\/wp-content\/uploads\/2022\/10\/5-9mm-4-face-845x1024.jpg\" class=\"attachment-large size-large\" alt=\"\" srcset=\"https:\/\/www.cybeletile.com\/wp-content\/uploads\/2022\/10\/5-9mm-4-face-845x1024.jpg 845w, https:\/\/www.cybeletile.com\/wp-content\/uploads\/2022\/10\/5-9mm-4-face-247x300.jpg 247w, https:\/\/www.cybeletile.com\/wp-content\/uploads\/2022\/10\/5-9mm-4-face-768x931.jpg 768w, https:\/\/www.cybeletile.com\/wp-content\/uploads\/2022\/10\/5-9mm-4-face-1x1.jpg 1w, https:\/\/www.cybeletile.com\/wp-content\/uploads\/2022\/10\/5-9mm-4-face-8x10.jpg 8w, https:\/\/www.cybeletile.com\/wp-content\/uploads\/2022\/10\/5-9mm-4-face.jpg 900w\" sizes=\"(max-width: 845px) 100vw, 845px\" \/>\t\t\t\t\t\t\t\t\t\t\t\t\t\t\t<\/div>\n\t\t\t\t<\/div>\n\t\t\t\t\t<\/div>\n\t\t<\/div>\n\t\t\t\t<div class=\"elementor-column elementor-col-33 elementor-top-column elementor-element elementor-element-2f6fa787\" data-id=\"2f6fa787\" data-element_type=\"column\">\n\t\t\t<div class=\"elementor-widget-wrap elementor-element-populated\">\n\t\t\t\t\t\t\t\t<div class=\"elementor-element elementor-element-7209e7a4 elementor-widget elementor-widget-image\" data-id=\"7209e7a4\" data-element_type=\"widget\" data-widget_type=\"image.default\">\n\t\t\t\t<div class=\"elementor-widget-container\">\n\t\t\t\t\t\t\t\t\t\t\t\t\t\t\t<img decoding=\"async\" width=\"522\" height=\"1024\" src=\"https:\/\/www.cybeletile.com\/wp-content\/uploads\/2022\/10\/resim_2022-10-31_190937564-522x1024.jpg\" class=\"attachment-large size-large\" alt=\"\" srcset=\"https:\/\/www.cybeletile.com\/wp-content\/uploads\/2022\/10\/resim_2022-10-31_190937564-522x1024.jpg 522w, https:\/\/www.cybeletile.com\/wp-content\/uploads\/2022\/10\/resim_2022-10-31_190937564-153x300.jpg 153w, https:\/\/www.cybeletile.com\/wp-content\/uploads\/2022\/10\/resim_2022-10-31_190937564-768x1506.jpg 768w, https:\/\/www.cybeletile.com\/wp-content\/uploads\/2022\/10\/resim_2022-10-31_190937564-783x1536.jpg 783w, https:\/\/www.cybeletile.com\/wp-content\/uploads\/2022\/10\/resim_2022-10-31_190937564-1x1.jpg 1w, https:\/\/www.cybeletile.com\/wp-content\/uploads\/2022\/10\/resim_2022-10-31_190937564-5x10.jpg 5w, https:\/\/www.cybeletile.com\/wp-content\/uploads\/2022\/10\/resim_2022-10-31_190937564.jpg 979w\" sizes=\"(max-width: 522px) 100vw, 522px\" \/>\t\t\t\t\t\t\t\t\t\t\t\t\t\t\t<\/div>\n\t\t\t\t<\/div>\n\t\t\t\t\t<\/div>\n\t\t<\/div>\n\t\t\t\t<div class=\"elementor-column elementor-col-33 elementor-top-column elementor-element elementor-element-3f897669\" data-id=\"3f897669\" data-element_type=\"column\">\n\t\t\t<div class=\"elementor-widget-wrap elementor-element-populated\">\n\t\t\t\t\t\t\t\t<div class=\"elementor-element elementor-element-64051a7f elementor-widget elementor-widget-etheme_gallery\" data-id=\"64051a7f\" data-element_type=\"widget\" data-settings=\"{&quot;columns&quot;:{&quot;unit&quot;:&quot;px&quot;,&quot;size&quot;:2,&quot;sizes&quot;:[]},&quot;type&quot;:&quot;masonry&quot;,&quot;columns_tablet&quot;:{&quot;unit&quot;:&quot;px&quot;,&quot;size&quot;:3,&quot;sizes&quot;:[]},&quot;columns_mobile&quot;:{&quot;unit&quot;:&quot;px&quot;,&quot;size&quot;:2,&quot;sizes&quot;:[]},&quot;columns_gap&quot;:{&quot;unit&quot;:&quot;px&quot;,&quot;size&quot;:10,&quot;sizes&quot;:[]},&quot;columns_gap_tablet&quot;:{&quot;unit&quot;:&quot;px&quot;,&quot;size&quot;:&quot;&quot;,&quot;sizes&quot;:[]},&quot;columns_gap_mobile&quot;:{&quot;unit&quot;:&quot;px&quot;,&quot;size&quot;:&quot;&quot;,&quot;sizes&quot;:[]},&quot;rows_gap&quot;:{&quot;unit&quot;:&quot;px&quot;,&quot;size&quot;:10,&quot;sizes&quot;:[]},&quot;rows_gap_tablet&quot;:{&quot;unit&quot;:&quot;px&quot;,&quot;size&quot;:&quot;&quot;,&quot;sizes&quot;:[]},&quot;rows_gap_mobile&quot;:{&quot;unit&quot;:&quot;px&quot;,&quot;size&quot;:&quot;&quot;,&quot;sizes&quot;:[]}}\" data-widget_type=\"etheme_gallery.default\">\n\t\t\t\t<div class=\"elementor-widget-container\">\n\t\t\t        \r\n        <div class=\"etheme-gallery-wrapper\">\r\n            \t            \r\n\t            <div class=\"e-gallery etheme-gallery active\" id=\"etheme-gallery-658\" data-item-settings=\"{&quot;type&quot;:&quot;masonry&quot;}\" data-uniq-id=\"658\">\r\n                                <div class=\"e-gallery-item etheme-gallery-item\">\r\n                <div class=\"etheme-gallery-item-overlay\">\r\n                    <a data-elementor-open-lightbox=\"yes\" data-elementor-lightbox-slideshow=\"all-64051a7f\" data-elementor-lightbox-title=\"resim_2022-10-31_190954400\" e-action-hash=\"#elementor-action%3Aaction%3Dlightbox%26settings%3DeyJpZCI6MjIwNCwidXJsIjoiaHR0cHM6XC9cL3d3dy5jeWJlbGV0aWxlLmNvbVwvd3AtY29udGVudFwvdXBsb2Fkc1wvMjAyMlwvMTBcL3Jlc2ltXzIwMjItMTAtMzFfMTkwOTU0NDAwLmpwZyIsInNsaWRlc2hvdyI6ImFsbC02NDA1MWE3ZiJ9\" class=\"e-gallery-image etheme-gallery-image elementor-gallery-item__image\" data-thumbnail=\"https:\/\/www.cybeletile.com\/wp-content\/uploads\/2022\/10\/resim_2022-10-31_190954400.jpg\" data-width=\"492\" data-height=\"966\" alt=\"\" style=\"background-image: url(&#039;https:\/\/www.cybeletile.com\/wp-content\/uploads\/2022\/10\/resim_2022-10-31_190954400.jpg&#039;)\" href=\"https:\/\/www.cybeletile.com\/wp-content\/uploads\/2022\/10\/resim_2022-10-31_190954400.jpg\"><\/a>\r\n\t                                <\/div>\r\n\t            <span class=\"etheme-gallery-item-details etheme-gallery-item-details-inside with-alignment\"><span class=\"etheme-gallery-lightbox-icon\">\r\n            <svg version=\"1.1\" xmlns=\"http:\/\/www.w3.org\/2000\/svg\" width=\"1em\" height=\"1em\" viewBox=\"0 0 24 24\" fill=\"currentColor\">\r\n                <path d=\"M23.784 22.8l-6.168-6.144c1.584-1.848 2.448-4.176 2.448-6.576 0-5.52-4.488-10.032-10.032-10.032-5.52 0-10.008 4.488-10.008 10.008s4.488 10.032 10.032 10.032c2.424 0 4.728-0.864 6.576-2.472l6.168 6.144c0.144 0.144 0.312 0.216 0.48 0.216s0.336-0.072 0.456-0.192c0.144-0.12 0.216-0.288 0.24-0.48 0-0.192-0.072-0.384-0.192-0.504zM18.696 10.080c0 4.752-3.888 8.64-8.664 8.64-4.752 0-8.64-3.888-8.64-8.664 0-4.752 3.888-8.64 8.664-8.64s8.64 3.888 8.64 8.664z\"><\/path>\r\n            <\/svg>\r\n        <\/span><\/span>\t                        <\/div>\r\n\t                <div class=\"e-gallery-item etheme-gallery-item\">\r\n                <div class=\"etheme-gallery-item-overlay\">\r\n                    <a data-elementor-open-lightbox=\"yes\" data-elementor-lightbox-slideshow=\"all-64051a7f\" data-elementor-lightbox-title=\"resim_2022-10-31_190959284\" e-action-hash=\"#elementor-action%3Aaction%3Dlightbox%26settings%3DeyJpZCI6MjIwNSwidXJsIjoiaHR0cHM6XC9cL3d3dy5jeWJlbGV0aWxlLmNvbVwvd3AtY29udGVudFwvdXBsb2Fkc1wvMjAyMlwvMTBcL3Jlc2ltXzIwMjItMTAtMzFfMTkwOTU5Mjg0LmpwZyIsInNsaWRlc2hvdyI6ImFsbC02NDA1MWE3ZiJ9\" class=\"e-gallery-image etheme-gallery-image elementor-gallery-item__image\" data-thumbnail=\"https:\/\/www.cybeletile.com\/wp-content\/uploads\/2022\/10\/resim_2022-10-31_190959284.jpg\" data-width=\"492\" data-height=\"966\" alt=\"\" style=\"background-image: url(&#039;https:\/\/www.cybeletile.com\/wp-content\/uploads\/2022\/10\/resim_2022-10-31_190959284.jpg&#039;)\" href=\"https:\/\/www.cybeletile.com\/wp-content\/uploads\/2022\/10\/resim_2022-10-31_190959284.jpg\"><\/a>\r\n\t                                <\/div>\r\n\t            <span class=\"etheme-gallery-item-details etheme-gallery-item-details-inside with-alignment\"><span class=\"etheme-gallery-lightbox-icon\">\r\n            <svg version=\"1.1\" xmlns=\"http:\/\/www.w3.org\/2000\/svg\" width=\"1em\" height=\"1em\" viewBox=\"0 0 24 24\" fill=\"currentColor\">\r\n                <path d=\"M23.784 22.8l-6.168-6.144c1.584-1.848 2.448-4.176 2.448-6.576 0-5.52-4.488-10.032-10.032-10.032-5.52 0-10.008 4.488-10.008 10.008s4.488 10.032 10.032 10.032c2.424 0 4.728-0.864 6.576-2.472l6.168 6.144c0.144 0.144 0.312 0.216 0.48 0.216s0.336-0.072 0.456-0.192c0.144-0.12 0.216-0.288 0.24-0.48 0-0.192-0.072-0.384-0.192-0.504zM18.696 10.080c0 4.752-3.888 8.64-8.664 8.64-4.752 0-8.64-3.888-8.64-8.664 0-4.752 3.888-8.64 8.664-8.64s8.64 3.888 8.64 8.664z\"><\/path>\r\n            <\/svg>\r\n        <\/span><\/span>\t                        <\/div>\r\n\t                <div class=\"e-gallery-item etheme-gallery-item\">\r\n                <div class=\"etheme-gallery-item-overlay\">\r\n                    <a data-elementor-open-lightbox=\"yes\" data-elementor-lightbox-slideshow=\"all-64051a7f\" data-elementor-lightbox-title=\"resim_2022-10-31_191003957\" e-action-hash=\"#elementor-action%3Aaction%3Dlightbox%26settings%3DeyJpZCI6MjIwNiwidXJsIjoiaHR0cHM6XC9cL3d3dy5jeWJlbGV0aWxlLmNvbVwvd3AtY29udGVudFwvdXBsb2Fkc1wvMjAyMlwvMTBcL3Jlc2ltXzIwMjItMTAtMzFfMTkxMDAzOTU3LmpwZyIsInNsaWRlc2hvdyI6ImFsbC02NDA1MWE3ZiJ9\" class=\"e-gallery-image etheme-gallery-image elementor-gallery-item__image\" data-thumbnail=\"https:\/\/www.cybeletile.com\/wp-content\/uploads\/2022\/10\/resim_2022-10-31_191003957.jpg\" data-width=\"492\" data-height=\"966\" alt=\"\" style=\"background-image: url(&#039;https:\/\/www.cybeletile.com\/wp-content\/uploads\/2022\/10\/resim_2022-10-31_191003957.jpg&#039;)\" href=\"https:\/\/www.cybeletile.com\/wp-content\/uploads\/2022\/10\/resim_2022-10-31_191003957.jpg\"><\/a>\r\n\t                                <\/div>\r\n\t            <span class=\"etheme-gallery-item-details etheme-gallery-item-details-inside with-alignment\"><span class=\"etheme-gallery-lightbox-icon\">\r\n            <svg version=\"1.1\" xmlns=\"http:\/\/www.w3.org\/2000\/svg\" width=\"1em\" height=\"1em\" viewBox=\"0 0 24 24\" fill=\"currentColor\">\r\n                <path d=\"M23.784 22.8l-6.168-6.144c1.584-1.848 2.448-4.176 2.448-6.576 0-5.52-4.488-10.032-10.032-10.032-5.52 0-10.008 4.488-10.008 10.008s4.488 10.032 10.032 10.032c2.424 0 4.728-0.864 6.576-2.472l6.168 6.144c0.144 0.144 0.312 0.216 0.48 0.216s0.336-0.072 0.456-0.192c0.144-0.12 0.216-0.288 0.24-0.48 0-0.192-0.072-0.384-0.192-0.504zM18.696 10.080c0 4.752-3.888 8.64-8.664 8.64-4.752 0-8.64-3.888-8.64-8.664 0-4.752 3.888-8.64 8.664-8.64s8.64 3.888 8.64 8.664z\"><\/path>\r\n            <\/svg>\r\n        <\/span><\/span>\t                        <\/div>\r\n\t                <div class=\"e-gallery-item etheme-gallery-item\">\r\n                <div class=\"etheme-gallery-item-overlay\">\r\n                    <a data-elementor-open-lightbox=\"yes\" data-elementor-lightbox-slideshow=\"all-64051a7f\" data-elementor-lightbox-title=\"resim_2022-10-31_191008185\" e-action-hash=\"#elementor-action%3Aaction%3Dlightbox%26settings%3DeyJpZCI6MjIwNywidXJsIjoiaHR0cHM6XC9cL3d3dy5jeWJlbGV0aWxlLmNvbVwvd3AtY29udGVudFwvdXBsb2Fkc1wvMjAyMlwvMTBcL3Jlc2ltXzIwMjItMTAtMzFfMTkxMDA4MTg1LmpwZyIsInNsaWRlc2hvdyI6ImFsbC02NDA1MWE3ZiJ9\" class=\"e-gallery-image etheme-gallery-image elementor-gallery-item__image\" data-thumbnail=\"https:\/\/www.cybeletile.com\/wp-content\/uploads\/2022\/10\/resim_2022-10-31_191008185.jpg\" data-width=\"492\" data-height=\"966\" alt=\"\" style=\"background-image: url(&#039;https:\/\/www.cybeletile.com\/wp-content\/uploads\/2022\/10\/resim_2022-10-31_191008185.jpg&#039;)\" href=\"https:\/\/www.cybeletile.com\/wp-content\/uploads\/2022\/10\/resim_2022-10-31_191008185.jpg\"><\/a>\r\n\t                                <\/div>\r\n\t            <span class=\"etheme-gallery-item-details etheme-gallery-item-details-inside with-alignment\"><span class=\"etheme-gallery-lightbox-icon\">\r\n            <svg version=\"1.1\" xmlns=\"http:\/\/www.w3.org\/2000\/svg\" width=\"1em\" height=\"1em\" viewBox=\"0 0 24 24\" fill=\"currentColor\">\r\n                <path d=\"M23.784 22.8l-6.168-6.144c1.584-1.848 2.448-4.176 2.448-6.576 0-5.52-4.488-10.032-10.032-10.032-5.52 0-10.008 4.488-10.008 10.008s4.488 10.032 10.032 10.032c2.424 0 4.728-0.864 6.576-2.472l6.168 6.144c0.144 0.144 0.312 0.216 0.48 0.216s0.336-0.072 0.456-0.192c0.144-0.12 0.216-0.288 0.24-0.48 0-0.192-0.072-0.384-0.192-0.504zM18.696 10.080c0 4.752-3.888 8.64-8.664 8.64-4.752 0-8.64-3.888-8.64-8.664 0-4.752 3.888-8.64 8.664-8.64s8.64 3.888 8.64 8.664z\"><\/path>\r\n            <\/svg>\r\n        <\/span><\/span>\t                        <\/div>\r\n\t                    <\/div>\r\n                    <\/div>\r\n        \r\n        \t\t<\/div>\n\t\t\t\t<\/div>\n\t\t\t\t\t<\/div>\n\t\t<\/div>\n\t\t\t\t\t\t\t<\/div>\n\t\t<\/section>\n\t\t\t\t\t\t\t<\/div>\n\t\t","protected":false},"excerpt":{"rendered":"","protected":false},"featured_media":8697,"comment_status":"open","ping_status":"closed","template":"","meta":[],"etheme_brands":[{"term_id":63,"name":"Cybele Tile","slug":"cybele-tile","term_group":0,"term_taxonomy_id":63,"taxonomy":"brand","description":"CybeleTile, uluslararas\u0131 ince karo uzmanlar\u0131n\u0131 ve do\u011fulu en iyi mimarlar\u0131 bir araya getirerek, en son ve yenilik\u00e7i \u00f6zel teknolojiyi kullanarak her ebatta Avrupa standartlar\u0131nda slim karo \u00fcretmektedir. Tasar\u0131m \u00f6zellikleri, ya\u015fam enerjisinin g\u00fc\u00e7l\u00fc belirleyicileridir. Bundan yola \u00e7\u0131karak daha etkili sonu\u00e7lar almak i\u00e7in insan\u0131 \u00e7\u0131k\u0131\u015f noktam\u0131z olarak benimsiyoruz. Taleplerinizin mekana yans\u0131mas\u0131 en \u00f6nemli kriterlerimizi olu\u015fturmaktad\u0131r. Ki\u015fisel ve ticari kullan\u0131m dahil olmak \u00fczere en ince ayr\u0131nt\u0131lar\u0131 titizlikle i\u015fliyoruz. \u00d6zel tasar\u0131mlara odaklan\u0131rken, g\u00f6rsellik ve malzemenin m\u00fckemmel birle\u015fimini olu\u015fturan karolar sunuyoruz.","parent":0,"count":1242,"filter":"raw"}],"product_cat":[239],"product_tag":[],"class_list":["post-11285","product","type-product","status-publish","has-post-thumbnail","hentry","brand-cybele-tile","product_cat-marble-series-ru"],"yoast_head":"<!-- This site is optimized with the Yoast SEO plugin v19.10 - https:\/\/yoast.com\/wordpress\/plugins\/seo\/ -->\n<title>GOLDEN STROM - Cybele Tile<\/title>\n<meta name=\"robots\" content=\"index, follow, max-snippet:-1, max-image-preview:large, max-video-preview:-1\" \/>\n<link rel=\"canonical\" href=\"https:\/\/www.cybeletile.com\/ru\/product\/golden-strom\/\" \/>\n<meta property=\"og:locale\" content=\"ru_RU\" \/>\n<meta property=\"og:type\" content=\"article\" \/>\n<meta property=\"og:title\" content=\"GOLDEN STROM - Cybele Tile\" \/>\n<meta property=\"og:url\" content=\"https:\/\/www.cybeletile.com\/ru\/product\/golden-strom\/\" \/>\n<meta property=\"og:site_name\" content=\"Cybele Tile\" \/>\n<meta property=\"article:publisher\" content=\"https:\/\/www.facebook.com\/cybeletile\" \/>\n<meta property=\"article:modified_time\" content=\"2023-06-01T11:34:54+00:00\" \/>\n<meta property=\"og:image\" content=\"https:\/\/www.cybeletile.com\/wp-content\/uploads\/2022\/10\/resim_2022-10-31_190650928.jpg\" \/>\n\t<meta property=\"og:image:width\" content=\"1920\" \/>\n\t<meta property=\"og:image:height\" content=\"1299\" \/>\n\t<meta property=\"og:image:type\" content=\"image\/jpeg\" \/>\n<meta name=\"twitter:card\" content=\"summary_large_image\" \/>\n<script type=\"application\/ld+json\" class=\"yoast-schema-graph\">{\"@context\":\"https:\/\/schema.org\",\"@graph\":[{\"@type\":\"WebPage\",\"@id\":\"https:\/\/www.cybeletile.com\/ru\/product\/golden-strom\/\",\"url\":\"https:\/\/www.cybeletile.com\/ru\/product\/golden-strom\/\",\"name\":\"GOLDEN STROM - Cybele Tile\",\"isPartOf\":{\"@id\":\"https:\/\/www.cybeletile.com\/#website\"},\"datePublished\":\"2022-10-31T16:08:11+00:00\",\"dateModified\":\"2023-06-01T11:34:54+00:00\",\"breadcrumb\":{\"@id\":\"https:\/\/www.cybeletile.com\/ru\/product\/golden-strom\/#breadcrumb\"},\"inLanguage\":\"ru-RU\",\"potentialAction\":[{\"@type\":\"ReadAction\",\"target\":[\"https:\/\/www.cybeletile.com\/ru\/product\/golden-strom\/\"]}]},{\"@type\":\"BreadcrumbList\",\"@id\":\"https:\/\/www.cybeletile.com\/ru\/product\/golden-strom\/#breadcrumb\",\"itemListElement\":[{\"@type\":\"ListItem\",\"position\":1,\"name\":\"Anasayfa\",\"item\":\"https:\/\/www.cybeletile.com\/\"},{\"@type\":\"ListItem\",\"position\":2,\"name\":\"\u041d\u0430\u0448\u0430 \u041f\u0440\u043e\u0434\u0443\u043a\u0446\u0438\u044f\",\"item\":\"https:\/\/www.cybeletile.com\/ru\/%d0%bd%d0%b0%d1%88%d0%b0-%d0%bf%d1%80%d0%be%d0%b4%d1%83%d0%ba%d1%86%d0%b8%d1%8f\/\"},{\"@type\":\"ListItem\",\"position\":3,\"name\":\"GOLDEN STROM\"}]},{\"@type\":\"WebSite\",\"@id\":\"https:\/\/www.cybeletile.com\/#website\",\"url\":\"https:\/\/www.cybeletile.com\/\",\"name\":\"Cybele Tile\",\"description\":\"Cybele Tile\",\"publisher\":{\"@id\":\"https:\/\/www.cybeletile.com\/#organization\"},\"potentialAction\":[{\"@type\":\"SearchAction\",\"target\":{\"@type\":\"EntryPoint\",\"urlTemplate\":\"https:\/\/www.cybeletile.com\/?s={search_term_string}\"},\"query-input\":\"required name=search_term_string\"}],\"inLanguage\":\"ru-RU\"},{\"@type\":\"Organization\",\"@id\":\"https:\/\/www.cybeletile.com\/#organization\",\"name\":\"Cybele Tile\",\"url\":\"https:\/\/www.cybeletile.com\/\",\"logo\":{\"@type\":\"ImageObject\",\"inLanguage\":\"ru-RU\",\"@id\":\"https:\/\/www.cybeletile.com\/#\/schema\/logo\/image\/\",\"url\":\"https:\/\/www.cybeletile.com\/wp-content\/uploads\/2022\/11\/resim_2022-11-27_131728817.png\",\"contentUrl\":\"https:\/\/www.cybeletile.com\/wp-content\/uploads\/2022\/11\/resim_2022-11-27_131728817.png\",\"width\":300,\"height\":59,\"caption\":\"Cybele Tile\"},\"image\":{\"@id\":\"https:\/\/www.cybeletile.com\/#\/schema\/logo\/image\/\"},\"sameAs\":[\"https:\/\/www.instagram.com\/cybele_tile\",\"https:\/\/www.facebook.com\/cybeletile\"]}]}<\/script>\n<!-- \/ Yoast SEO plugin. -->","yoast_head_json":{"title":"GOLDEN STROM - Cybele Tile","robots":{"index":"index","follow":"follow","max-snippet":"max-snippet:-1","max-image-preview":"max-image-preview:large","max-video-preview":"max-video-preview:-1"},"canonical":"https:\/\/www.cybeletile.com\/ru\/product\/golden-strom\/","og_locale":"ru_RU","og_type":"article","og_title":"GOLDEN STROM - Cybele Tile","og_url":"https:\/\/www.cybeletile.com\/ru\/product\/golden-strom\/","og_site_name":"Cybele Tile","article_publisher":"https:\/\/www.facebook.com\/cybeletile","article_modified_time":"2023-06-01T11:34:54+00:00","og_image":[{"width":1920,"height":1299,"url":"https:\/\/www.cybeletile.com\/wp-content\/uploads\/2022\/10\/resim_2022-10-31_190650928.jpg","type":"image\/jpeg"}],"twitter_card":"summary_large_image","schema":{"@context":"https:\/\/schema.org","@graph":[{"@type":"WebPage","@id":"https:\/\/www.cybeletile.com\/ru\/product\/golden-strom\/","url":"https:\/\/www.cybeletile.com\/ru\/product\/golden-strom\/","name":"GOLDEN STROM - Cybele Tile","isPartOf":{"@id":"https:\/\/www.cybeletile.com\/#website"},"datePublished":"2022-10-31T16:08:11+00:00","dateModified":"2023-06-01T11:34:54+00:00","breadcrumb":{"@id":"https:\/\/www.cybeletile.com\/ru\/product\/golden-strom\/#breadcrumb"},"inLanguage":"ru-RU","potentialAction":[{"@type":"ReadAction","target":["https:\/\/www.cybeletile.com\/ru\/product\/golden-strom\/"]}]},{"@type":"BreadcrumbList","@id":"https:\/\/www.cybeletile.com\/ru\/product\/golden-strom\/#breadcrumb","itemListElement":[{"@type":"ListItem","position":1,"name":"Anasayfa","item":"https:\/\/www.cybeletile.com\/"},{"@type":"ListItem","position":2,"name":"\u041d\u0430\u0448\u0430 \u041f\u0440\u043e\u0434\u0443\u043a\u0446\u0438\u044f","item":"https:\/\/www.cybeletile.com\/ru\/%d0%bd%d0%b0%d1%88%d0%b0-%d0%bf%d1%80%d0%be%d0%b4%d1%83%d0%ba%d1%86%d0%b8%d1%8f\/"},{"@type":"ListItem","position":3,"name":"GOLDEN STROM"}]},{"@type":"WebSite","@id":"https:\/\/www.cybeletile.com\/#website","url":"https:\/\/www.cybeletile.com\/","name":"Cybele Tile","description":"Cybele Tile","publisher":{"@id":"https:\/\/www.cybeletile.com\/#organization"},"potentialAction":[{"@type":"SearchAction","target":{"@type":"EntryPoint","urlTemplate":"https:\/\/www.cybeletile.com\/?s={search_term_string}"},"query-input":"required name=search_term_string"}],"inLanguage":"ru-RU"},{"@type":"Organization","@id":"https:\/\/www.cybeletile.com\/#organization","name":"Cybele Tile","url":"https:\/\/www.cybeletile.com\/","logo":{"@type":"ImageObject","inLanguage":"ru-RU","@id":"https:\/\/www.cybeletile.com\/#\/schema\/logo\/image\/","url":"https:\/\/www.cybeletile.com\/wp-content\/uploads\/2022\/11\/resim_2022-11-27_131728817.png","contentUrl":"https:\/\/www.cybeletile.com\/wp-content\/uploads\/2022\/11\/resim_2022-11-27_131728817.png","width":300,"height":59,"caption":"Cybele Tile"},"image":{"@id":"https:\/\/www.cybeletile.com\/#\/schema\/logo\/image\/"},"sameAs":["https:\/\/www.instagram.com\/cybele_tile","https:\/\/www.facebook.com\/cybeletile"]}]}},"_links":{"self":[{"href":"https:\/\/www.cybeletile.com\/ru\/wp-json\/wp\/v2\/product\/11285","targetHints":{"allow":["GET"]}}],"collection":[{"href":"https:\/\/www.cybeletile.com\/ru\/wp-json\/wp\/v2\/product"}],"about":[{"href":"https:\/\/www.cybeletile.com\/ru\/wp-json\/wp\/v2\/types\/product"}],"replies":[{"embeddable":true,"href":"https:\/\/www.cybeletile.com\/ru\/wp-json\/wp\/v2\/comments?post=11285"}],"version-history":[{"count":4,"href":"https:\/\/www.cybeletile.com\/ru\/wp-json\/wp\/v2\/product\/11285\/revisions"}],"predecessor-version":[{"id":17062,"href":"https:\/\/www.cybeletile.com\/ru\/wp-json\/wp\/v2\/product\/11285\/revisions\/17062"}],"wp:featuredmedia":[{"embeddable":true,"href":"https:\/\/www.cybeletile.com\/ru\/wp-json\/wp\/v2\/media\/8697"}],"wp:attachment":[{"href":"https:\/\/www.cybeletile.com\/ru\/wp-json\/wp\/v2\/media?parent=11285"}],"wp:term":[{"taxonomy":"brand","embeddable":true,"href":"https:\/\/www.cybeletile.com\/ru\/wp-json\/wp\/v2\/etheme_brands?post=11285"},{"taxonomy":"product_cat","embeddable":true,"href":"https:\/\/www.cybeletile.com\/ru\/wp-json\/wp\/v2\/product_cat?post=11285"},{"taxonomy":"product_tag","embeddable":true,"href":"https:\/\/www.cybeletile.com\/ru\/wp-json\/wp\/v2\/product_tag?post=11285"}],"curies":[{"name":"wp","href":"https:\/\/api.w.org\/{rel}","templated":true}]}}