{"id":10689,"date":"2022-11-01T03:15:39","date_gmt":"2022-11-01T03:15:39","guid":{"rendered":"https:\/\/www.cybeletile.com\/product\/velvet-soft-grey\/"},"modified":"2023-07-17T08:26:16","modified_gmt":"2023-07-17T08:26:16","slug":"velvet-soft-grey","status":"publish","type":"product","link":"https:\/\/www.cybeletile.com\/ru\/product\/velvet-soft-grey\/","title":{"rendered":"VELVET SOFT GREY"},"content":{"rendered":"\t\t<div data-elementor-type=\"wp-post\" data-elementor-id=\"10689\" class=\"elementor elementor-10689 elementor-3562\">\n\t\t\t\t\t\t\t\t\t<section class=\"elementor-section elementor-top-section elementor-element elementor-element-4581627f elementor-section-boxed elementor-section-height-default elementor-section-height-default\" data-id=\"4581627f\" data-element_type=\"section\">\n\t\t\t\t\t\t<div class=\"elementor-container elementor-column-gap-default\">\n\t\t\t\t\t<div class=\"elementor-column elementor-col-33 elementor-top-column elementor-element elementor-element-5c4d51a2\" data-id=\"5c4d51a2\" data-element_type=\"column\">\n\t\t\t<div class=\"elementor-widget-wrap elementor-element-populated\">\n\t\t\t\t\t\t\t\t<div class=\"elementor-element elementor-element-777918ee elementor-widget elementor-widget-image\" data-id=\"777918ee\" data-element_type=\"widget\" data-widget_type=\"image.default\">\n\t\t\t\t<div class=\"elementor-widget-container\">\n\t\t\t<style>\/*! elementor - v3.7.8 - 02-10-2022 *\/\n.elementor-widget-image{text-align:center}.elementor-widget-image a{display:inline-block}.elementor-widget-image a img[src$=\".svg\"]{width:48px}.elementor-widget-image img{vertical-align:middle;display:inline-block}<\/style>\t\t\t\t\t\t\t\t\t\t\t\t<img decoding=\"async\" width=\"577\" height=\"207\" src=\"https:\/\/www.cybeletile.com\/wp-content\/uploads\/2022\/11\/resim_2022-11-01_061655814.png\" class=\"attachment-large size-large\" alt=\"\" srcset=\"https:\/\/www.cybeletile.com\/wp-content\/uploads\/2022\/11\/resim_2022-11-01_061655814.png 577w, https:\/\/www.cybeletile.com\/wp-content\/uploads\/2022\/11\/resim_2022-11-01_061655814-300x108.png 300w, https:\/\/www.cybeletile.com\/wp-content\/uploads\/2022\/11\/resim_2022-11-01_061655814-1x1.png 1w, https:\/\/www.cybeletile.com\/wp-content\/uploads\/2022\/11\/resim_2022-11-01_061655814-10x4.png 10w\" sizes=\"(max-width: 577px) 100vw, 577px\" \/>\t\t\t\t\t\t\t\t\t\t\t\t\t\t\t<\/div>\n\t\t\t\t<\/div>\n\t\t\t\t<div class=\"elementor-element elementor-element-2411f6d8 elementor-widget elementor-widget-image\" data-id=\"2411f6d8\" data-element_type=\"widget\" data-widget_type=\"image.default\">\n\t\t\t\t<div class=\"elementor-widget-container\">\n\t\t\t\t\t\t\t\t\t\t\t\t\t\t\t<img decoding=\"async\" width=\"1024\" height=\"178\" src=\"https:\/\/www.cybeletile.com\/wp-content\/uploads\/2022\/11\/resim_2022-11-01_045441500-1024x178.png\" class=\"attachment-large size-large\" alt=\"\" srcset=\"https:\/\/www.cybeletile.com\/wp-content\/uploads\/2022\/11\/resim_2022-11-01_045441500-1024x178.png 1024w, https:\/\/www.cybeletile.com\/wp-content\/uploads\/2022\/11\/resim_2022-11-01_045441500-300x52.png 300w, https:\/\/www.cybeletile.com\/wp-content\/uploads\/2022\/11\/resim_2022-11-01_045441500-768x134.png 768w, https:\/\/www.cybeletile.com\/wp-content\/uploads\/2022\/11\/resim_2022-11-01_045441500-1x1.png 1w, https:\/\/www.cybeletile.com\/wp-content\/uploads\/2022\/11\/resim_2022-11-01_045441500-10x2.png 10w, https:\/\/www.cybeletile.com\/wp-content\/uploads\/2022\/11\/resim_2022-11-01_045441500.png 1092w\" sizes=\"(max-width: 1024px) 100vw, 1024px\" \/>\t\t\t\t\t\t\t\t\t\t\t\t\t\t\t<\/div>\n\t\t\t\t<\/div>\n\t\t\t\t<div class=\"elementor-element elementor-element-24c02ca2 elementor-widget elementor-widget-image\" data-id=\"24c02ca2\" data-element_type=\"widget\" data-widget_type=\"image.default\">\n\t\t\t\t<div class=\"elementor-widget-container\">\n\t\t\t\t\t\t\t\t\t\t\t\t\t\t\t<img decoding=\"async\" width=\"853\" height=\"1024\" src=\"https:\/\/www.cybeletile.com\/wp-content\/uploads\/2022\/10\/9mm-1face-853x1024.jpg\" class=\"attachment-large size-large\" alt=\"\" srcset=\"https:\/\/www.cybeletile.com\/wp-content\/uploads\/2022\/10\/9mm-1face-853x1024.jpg 853w, https:\/\/www.cybeletile.com\/wp-content\/uploads\/2022\/10\/9mm-1face-250x300.jpg 250w, https:\/\/www.cybeletile.com\/wp-content\/uploads\/2022\/10\/9mm-1face-768x922.jpg 768w, https:\/\/www.cybeletile.com\/wp-content\/uploads\/2022\/10\/9mm-1face-1x1.jpg 1w, https:\/\/www.cybeletile.com\/wp-content\/uploads\/2022\/10\/9mm-1face-8x10.jpg 8w, https:\/\/www.cybeletile.com\/wp-content\/uploads\/2022\/10\/9mm-1face.jpg 900w\" sizes=\"(max-width: 853px) 100vw, 853px\" \/>\t\t\t\t\t\t\t\t\t\t\t\t\t\t\t<\/div>\n\t\t\t\t<\/div>\n\t\t\t\t\t<\/div>\n\t\t<\/div>\n\t\t\t\t<div class=\"elementor-column elementor-col-33 elementor-top-column elementor-element elementor-element-6f872bf\" data-id=\"6f872bf\" data-element_type=\"column\">\n\t\t\t<div class=\"elementor-widget-wrap elementor-element-populated\">\n\t\t\t\t\t\t\t\t<div class=\"elementor-element elementor-element-6352589b elementor-widget elementor-widget-image\" data-id=\"6352589b\" data-element_type=\"widget\" data-widget_type=\"image.default\">\n\t\t\t\t<div class=\"elementor-widget-container\">\n\t\t\t\t\t\t\t\t\t\t\t\t\t\t\t<img decoding=\"async\" width=\"526\" height=\"1024\" src=\"https:\/\/www.cybeletile.com\/wp-content\/uploads\/2022\/11\/resim_2022-11-01_061440083-526x1024.jpg\" class=\"attachment-large size-large\" alt=\"\" srcset=\"https:\/\/www.cybeletile.com\/wp-content\/uploads\/2022\/11\/resim_2022-11-01_061440083-526x1024.jpg 526w, https:\/\/www.cybeletile.com\/wp-content\/uploads\/2022\/11\/resim_2022-11-01_061440083-154x300.jpg 154w, https:\/\/www.cybeletile.com\/wp-content\/uploads\/2022\/11\/resim_2022-11-01_061440083-768x1495.jpg 768w, https:\/\/www.cybeletile.com\/wp-content\/uploads\/2022\/11\/resim_2022-11-01_061440083-789x1536.jpg 789w, https:\/\/www.cybeletile.com\/wp-content\/uploads\/2022\/11\/resim_2022-11-01_061440083-1x1.jpg 1w, https:\/\/www.cybeletile.com\/wp-content\/uploads\/2022\/11\/resim_2022-11-01_061440083-5x10.jpg 5w, https:\/\/www.cybeletile.com\/wp-content\/uploads\/2022\/11\/resim_2022-11-01_061440083.jpg 986w\" sizes=\"(max-width: 526px) 100vw, 526px\" \/>\t\t\t\t\t\t\t\t\t\t\t\t\t\t\t<\/div>\n\t\t\t\t<\/div>\n\t\t\t\t\t<\/div>\n\t\t<\/div>\n\t\t\t\t<div class=\"elementor-column elementor-col-33 elementor-top-column elementor-element elementor-element-28d755e2\" data-id=\"28d755e2\" data-element_type=\"column\">\n\t\t\t<div class=\"elementor-widget-wrap elementor-element-populated\">\n\t\t\t\t\t\t\t\t<div class=\"elementor-element elementor-element-53207bc4 elementor-widget elementor-widget-etheme_gallery\" data-id=\"53207bc4\" data-element_type=\"widget\" data-settings=\"{&quot;columns&quot;:{&quot;unit&quot;:&quot;px&quot;,&quot;size&quot;:2,&quot;sizes&quot;:[]},&quot;type&quot;:&quot;masonry&quot;,&quot;columns_tablet&quot;:{&quot;unit&quot;:&quot;px&quot;,&quot;size&quot;:3,&quot;sizes&quot;:[]},&quot;columns_mobile&quot;:{&quot;unit&quot;:&quot;px&quot;,&quot;size&quot;:2,&quot;sizes&quot;:[]},&quot;columns_gap&quot;:{&quot;unit&quot;:&quot;px&quot;,&quot;size&quot;:10,&quot;sizes&quot;:[]},&quot;columns_gap_tablet&quot;:{&quot;unit&quot;:&quot;px&quot;,&quot;size&quot;:&quot;&quot;,&quot;sizes&quot;:[]},&quot;columns_gap_mobile&quot;:{&quot;unit&quot;:&quot;px&quot;,&quot;size&quot;:&quot;&quot;,&quot;sizes&quot;:[]},&quot;rows_gap&quot;:{&quot;unit&quot;:&quot;px&quot;,&quot;size&quot;:10,&quot;sizes&quot;:[]},&quot;rows_gap_tablet&quot;:{&quot;unit&quot;:&quot;px&quot;,&quot;size&quot;:&quot;&quot;,&quot;sizes&quot;:[]},&quot;rows_gap_mobile&quot;:{&quot;unit&quot;:&quot;px&quot;,&quot;size&quot;:&quot;&quot;,&quot;sizes&quot;:[]}}\" data-widget_type=\"etheme_gallery.default\">\n\t\t\t\t<div class=\"elementor-widget-container\">\n\t\t\t        \r\n        <div class=\"etheme-gallery-wrapper\">\r\n            \t            \r\n\t            <div class=\"e-gallery etheme-gallery active\" id=\"etheme-gallery-3121\" data-item-settings=\"{&quot;type&quot;:&quot;masonry&quot;}\" data-uniq-id=\"3121\">\r\n                                <div class=\"e-gallery-item etheme-gallery-item\">\r\n                <div class=\"etheme-gallery-item-overlay\">\r\n                    <a data-elementor-open-lightbox=\"yes\" data-elementor-lightbox-slideshow=\"all-53207bc4\" data-elementor-lightbox-title=\"resim_2022-11-01_061440083\" e-action-hash=\"#elementor-action%3Aaction%3Dlightbox%26settings%3DeyJpZCI6MzU2MywidXJsIjoiaHR0cHM6XC9cL3d3dy5jeWJlbGV0aWxlLmNvbVwvd3AtY29udGVudFwvdXBsb2Fkc1wvMjAyMlwvMTFcL3Jlc2ltXzIwMjItMTEtMDFfMDYxNDQwMDgzLmpwZyIsInNsaWRlc2hvdyI6ImFsbC01MzIwN2JjNCJ9\" class=\"e-gallery-image etheme-gallery-image elementor-gallery-item__image\" data-thumbnail=\"https:\/\/www.cybeletile.com\/wp-content\/uploads\/2022\/11\/resim_2022-11-01_061440083.jpg\" data-width=\"986\" data-height=\"1920\" alt=\"\" style=\"background-image: url(&#039;https:\/\/www.cybeletile.com\/wp-content\/uploads\/2022\/11\/resim_2022-11-01_061440083.jpg&#039;)\" href=\"https:\/\/www.cybeletile.com\/wp-content\/uploads\/2022\/11\/resim_2022-11-01_061440083.jpg\"><\/a>\r\n\t                                <\/div>\r\n\t            <span class=\"etheme-gallery-item-details etheme-gallery-item-details-inside with-alignment\"><span class=\"etheme-gallery-lightbox-icon\">\r\n            <svg version=\"1.1\" xmlns=\"http:\/\/www.w3.org\/2000\/svg\" width=\"1em\" height=\"1em\" viewBox=\"0 0 24 24\" fill=\"currentColor\">\r\n                <path d=\"M23.784 22.8l-6.168-6.144c1.584-1.848 2.448-4.176 2.448-6.576 0-5.52-4.488-10.032-10.032-10.032-5.52 0-10.008 4.488-10.008 10.008s4.488 10.032 10.032 10.032c2.424 0 4.728-0.864 6.576-2.472l6.168 6.144c0.144 0.144 0.312 0.216 0.48 0.216s0.336-0.072 0.456-0.192c0.144-0.12 0.216-0.288 0.24-0.48 0-0.192-0.072-0.384-0.192-0.504zM18.696 10.080c0 4.752-3.888 8.64-8.664 8.64-4.752 0-8.64-3.888-8.64-8.664 0-4.752 3.888-8.64 8.664-8.64s8.64 3.888 8.64 8.664z\"><\/path>\r\n            <\/svg>\r\n        <\/span><\/span>\t                        <\/div>\r\n\t                    <\/div>\r\n                    <\/div>\r\n        \r\n        \t\t<\/div>\n\t\t\t\t<\/div>\n\t\t\t\t\t<\/div>\n\t\t<\/div>\n\t\t\t\t\t\t\t<\/div>\n\t\t<\/section>\n\t\t\t\t\t\t\t<\/div>\n\t\t","protected":false},"excerpt":{"rendered":"<p>60&#215;120 Tile Ceramic<\/p>\n","protected":false},"featured_media":10558,"comment_status":"open","ping_status":"closed","template":"","meta":[],"etheme_brands":[{"term_id":63,"name":"Cybele Tile","slug":"cybele-tile","term_group":0,"term_taxonomy_id":63,"taxonomy":"brand","description":"CybeleTile, uluslararas\u0131 ince karo uzmanlar\u0131n\u0131 ve do\u011fulu en iyi mimarlar\u0131 bir araya getirerek, en son ve yenilik\u00e7i \u00f6zel teknolojiyi kullanarak her ebatta Avrupa standartlar\u0131nda slim karo \u00fcretmektedir. Tasar\u0131m \u00f6zellikleri, ya\u015fam enerjisinin g\u00fc\u00e7l\u00fc belirleyicileridir. Bundan yola \u00e7\u0131karak daha etkili sonu\u00e7lar almak i\u00e7in insan\u0131 \u00e7\u0131k\u0131\u015f noktam\u0131z olarak benimsiyoruz. Taleplerinizin mekana yans\u0131mas\u0131 en \u00f6nemli kriterlerimizi olu\u015fturmaktad\u0131r. Ki\u015fisel ve ticari kullan\u0131m dahil olmak \u00fczere en ince ayr\u0131nt\u0131lar\u0131 titizlikle i\u015fliyoruz. \u00d6zel tasar\u0131mlara odaklan\u0131rken, g\u00f6rsellik ve malzemenin m\u00fckemmel birle\u015fimini olu\u015fturan karolar sunuyoruz.","parent":0,"count":1242,"filter":"raw"}],"product_cat":[195],"product_tag":[],"class_list":["post-10689","product","type-product","status-publish","has-post-thumbnail","hentry","brand-cybele-tile","product_cat-soft-colours-series-ru"],"yoast_head":"<!-- This site is optimized with the Yoast SEO plugin v19.10 - https:\/\/yoast.com\/wordpress\/plugins\/seo\/ -->\n<title>VELVET SOFT GREY - Cybele Tile<\/title>\n<meta name=\"robots\" content=\"index, follow, max-snippet:-1, max-image-preview:large, max-video-preview:-1\" \/>\n<link rel=\"canonical\" href=\"https:\/\/www.cybeletile.com\/ru\/product\/velvet-soft-grey\/\" \/>\n<meta property=\"og:locale\" content=\"ru_RU\" \/>\n<meta property=\"og:type\" content=\"article\" \/>\n<meta property=\"og:title\" content=\"VELVET SOFT GREY - Cybele Tile\" \/>\n<meta property=\"og:description\" content=\"60x120 Tile Ceramic\" \/>\n<meta property=\"og:url\" content=\"https:\/\/www.cybeletile.com\/ru\/product\/velvet-soft-grey\/\" \/>\n<meta property=\"og:site_name\" content=\"Cybele Tile\" \/>\n<meta property=\"article:publisher\" content=\"https:\/\/www.facebook.com\/cybeletile\" \/>\n<meta property=\"article:modified_time\" content=\"2023-07-17T08:26:16+00:00\" \/>\n<meta property=\"og:image\" content=\"https:\/\/www.cybeletile.com\/wp-content\/uploads\/2022\/11\/resim_2022-11-01_061440083.jpg\" \/>\n\t<meta property=\"og:image:width\" content=\"986\" \/>\n\t<meta property=\"og:image:height\" content=\"1920\" \/>\n\t<meta property=\"og:image:type\" content=\"image\/jpeg\" \/>\n<meta name=\"twitter:card\" content=\"summary_large_image\" \/>\n<script type=\"application\/ld+json\" class=\"yoast-schema-graph\">{\"@context\":\"https:\/\/schema.org\",\"@graph\":[{\"@type\":\"WebPage\",\"@id\":\"https:\/\/www.cybeletile.com\/ru\/product\/velvet-soft-grey\/\",\"url\":\"https:\/\/www.cybeletile.com\/ru\/product\/velvet-soft-grey\/\",\"name\":\"VELVET SOFT GREY - Cybele Tile\",\"isPartOf\":{\"@id\":\"https:\/\/www.cybeletile.com\/#website\"},\"datePublished\":\"2022-11-01T03:15:39+00:00\",\"dateModified\":\"2023-07-17T08:26:16+00:00\",\"breadcrumb\":{\"@id\":\"https:\/\/www.cybeletile.com\/ru\/product\/velvet-soft-grey\/#breadcrumb\"},\"inLanguage\":\"ru-RU\",\"potentialAction\":[{\"@type\":\"ReadAction\",\"target\":[\"https:\/\/www.cybeletile.com\/ru\/product\/velvet-soft-grey\/\"]}]},{\"@type\":\"BreadcrumbList\",\"@id\":\"https:\/\/www.cybeletile.com\/ru\/product\/velvet-soft-grey\/#breadcrumb\",\"itemListElement\":[{\"@type\":\"ListItem\",\"position\":1,\"name\":\"Anasayfa\",\"item\":\"https:\/\/www.cybeletile.com\/\"},{\"@type\":\"ListItem\",\"position\":2,\"name\":\"\u041d\u0430\u0448\u0430 \u041f\u0440\u043e\u0434\u0443\u043a\u0446\u0438\u044f\",\"item\":\"https:\/\/www.cybeletile.com\/ru\/%d0%bd%d0%b0%d1%88%d0%b0-%d0%bf%d1%80%d0%be%d0%b4%d1%83%d0%ba%d1%86%d0%b8%d1%8f\/\"},{\"@type\":\"ListItem\",\"position\":3,\"name\":\"VELVET SOFT GREY\"}]},{\"@type\":\"WebSite\",\"@id\":\"https:\/\/www.cybeletile.com\/#website\",\"url\":\"https:\/\/www.cybeletile.com\/\",\"name\":\"Cybele Tile\",\"description\":\"Cybele Tile\",\"publisher\":{\"@id\":\"https:\/\/www.cybeletile.com\/#organization\"},\"potentialAction\":[{\"@type\":\"SearchAction\",\"target\":{\"@type\":\"EntryPoint\",\"urlTemplate\":\"https:\/\/www.cybeletile.com\/?s={search_term_string}\"},\"query-input\":\"required name=search_term_string\"}],\"inLanguage\":\"ru-RU\"},{\"@type\":\"Organization\",\"@id\":\"https:\/\/www.cybeletile.com\/#organization\",\"name\":\"Cybele Tile\",\"url\":\"https:\/\/www.cybeletile.com\/\",\"logo\":{\"@type\":\"ImageObject\",\"inLanguage\":\"ru-RU\",\"@id\":\"https:\/\/www.cybeletile.com\/#\/schema\/logo\/image\/\",\"url\":\"https:\/\/www.cybeletile.com\/wp-content\/uploads\/2022\/11\/resim_2022-11-27_131728817.png\",\"contentUrl\":\"https:\/\/www.cybeletile.com\/wp-content\/uploads\/2022\/11\/resim_2022-11-27_131728817.png\",\"width\":300,\"height\":59,\"caption\":\"Cybele Tile\"},\"image\":{\"@id\":\"https:\/\/www.cybeletile.com\/#\/schema\/logo\/image\/\"},\"sameAs\":[\"https:\/\/www.instagram.com\/cybele_tile\",\"https:\/\/www.facebook.com\/cybeletile\"]}]}<\/script>\n<!-- \/ Yoast SEO plugin. -->","yoast_head_json":{"title":"VELVET SOFT GREY - Cybele Tile","robots":{"index":"index","follow":"follow","max-snippet":"max-snippet:-1","max-image-preview":"max-image-preview:large","max-video-preview":"max-video-preview:-1"},"canonical":"https:\/\/www.cybeletile.com\/ru\/product\/velvet-soft-grey\/","og_locale":"ru_RU","og_type":"article","og_title":"VELVET SOFT GREY - Cybele Tile","og_description":"60x120 Tile Ceramic","og_url":"https:\/\/www.cybeletile.com\/ru\/product\/velvet-soft-grey\/","og_site_name":"Cybele Tile","article_publisher":"https:\/\/www.facebook.com\/cybeletile","article_modified_time":"2023-07-17T08:26:16+00:00","og_image":[{"width":986,"height":1920,"url":"https:\/\/www.cybeletile.com\/wp-content\/uploads\/2022\/11\/resim_2022-11-01_061440083.jpg","type":"image\/jpeg"}],"twitter_card":"summary_large_image","schema":{"@context":"https:\/\/schema.org","@graph":[{"@type":"WebPage","@id":"https:\/\/www.cybeletile.com\/ru\/product\/velvet-soft-grey\/","url":"https:\/\/www.cybeletile.com\/ru\/product\/velvet-soft-grey\/","name":"VELVET SOFT GREY - Cybele Tile","isPartOf":{"@id":"https:\/\/www.cybeletile.com\/#website"},"datePublished":"2022-11-01T03:15:39+00:00","dateModified":"2023-07-17T08:26:16+00:00","breadcrumb":{"@id":"https:\/\/www.cybeletile.com\/ru\/product\/velvet-soft-grey\/#breadcrumb"},"inLanguage":"ru-RU","potentialAction":[{"@type":"ReadAction","target":["https:\/\/www.cybeletile.com\/ru\/product\/velvet-soft-grey\/"]}]},{"@type":"BreadcrumbList","@id":"https:\/\/www.cybeletile.com\/ru\/product\/velvet-soft-grey\/#breadcrumb","itemListElement":[{"@type":"ListItem","position":1,"name":"Anasayfa","item":"https:\/\/www.cybeletile.com\/"},{"@type":"ListItem","position":2,"name":"\u041d\u0430\u0448\u0430 \u041f\u0440\u043e\u0434\u0443\u043a\u0446\u0438\u044f","item":"https:\/\/www.cybeletile.com\/ru\/%d0%bd%d0%b0%d1%88%d0%b0-%d0%bf%d1%80%d0%be%d0%b4%d1%83%d0%ba%d1%86%d0%b8%d1%8f\/"},{"@type":"ListItem","position":3,"name":"VELVET SOFT GREY"}]},{"@type":"WebSite","@id":"https:\/\/www.cybeletile.com\/#website","url":"https:\/\/www.cybeletile.com\/","name":"Cybele Tile","description":"Cybele Tile","publisher":{"@id":"https:\/\/www.cybeletile.com\/#organization"},"potentialAction":[{"@type":"SearchAction","target":{"@type":"EntryPoint","urlTemplate":"https:\/\/www.cybeletile.com\/?s={search_term_string}"},"query-input":"required name=search_term_string"}],"inLanguage":"ru-RU"},{"@type":"Organization","@id":"https:\/\/www.cybeletile.com\/#organization","name":"Cybele Tile","url":"https:\/\/www.cybeletile.com\/","logo":{"@type":"ImageObject","inLanguage":"ru-RU","@id":"https:\/\/www.cybeletile.com\/#\/schema\/logo\/image\/","url":"https:\/\/www.cybeletile.com\/wp-content\/uploads\/2022\/11\/resim_2022-11-27_131728817.png","contentUrl":"https:\/\/www.cybeletile.com\/wp-content\/uploads\/2022\/11\/resim_2022-11-27_131728817.png","width":300,"height":59,"caption":"Cybele Tile"},"image":{"@id":"https:\/\/www.cybeletile.com\/#\/schema\/logo\/image\/"},"sameAs":["https:\/\/www.instagram.com\/cybele_tile","https:\/\/www.facebook.com\/cybeletile"]}]}},"_links":{"self":[{"href":"https:\/\/www.cybeletile.com\/ru\/wp-json\/wp\/v2\/product\/10689","targetHints":{"allow":["GET"]}}],"collection":[{"href":"https:\/\/www.cybeletile.com\/ru\/wp-json\/wp\/v2\/product"}],"about":[{"href":"https:\/\/www.cybeletile.com\/ru\/wp-json\/wp\/v2\/types\/product"}],"replies":[{"embeddable":true,"href":"https:\/\/www.cybeletile.com\/ru\/wp-json\/wp\/v2\/comments?post=10689"}],"version-history":[{"count":5,"href":"https:\/\/www.cybeletile.com\/ru\/wp-json\/wp\/v2\/product\/10689\/revisions"}],"predecessor-version":[{"id":17756,"href":"https:\/\/www.cybeletile.com\/ru\/wp-json\/wp\/v2\/product\/10689\/revisions\/17756"}],"wp:featuredmedia":[{"embeddable":true,"href":"https:\/\/www.cybeletile.com\/ru\/wp-json\/wp\/v2\/media\/10558"}],"wp:attachment":[{"href":"https:\/\/www.cybeletile.com\/ru\/wp-json\/wp\/v2\/media?parent=10689"}],"wp:term":[{"taxonomy":"brand","embeddable":true,"href":"https:\/\/www.cybeletile.com\/ru\/wp-json\/wp\/v2\/etheme_brands?post=10689"},{"taxonomy":"product_cat","embeddable":true,"href":"https:\/\/www.cybeletile.com\/ru\/wp-json\/wp\/v2\/product_cat?post=10689"},{"taxonomy":"product_tag","embeddable":true,"href":"https:\/\/www.cybeletile.com\/ru\/wp-json\/wp\/v2\/product_tag?post=10689"}],"curies":[{"name":"wp","href":"https:\/\/api.w.org\/{rel}","templated":true}]}}