{"id":11114,"date":"2022-10-31T19:10:26","date_gmt":"2022-10-31T19:10:26","guid":{"rendered":"https:\/\/www.cybeletile.com\/product\/onyx-honey\/"},"modified":"2025-10-22T07:12:06","modified_gmt":"2025-10-22T07:12:06","slug":"onyx-honey","status":"publish","type":"product","link":"https:\/\/www.cybeletile.com\/en\/product\/onyx-honey\/","title":{"rendered":"ONYX HONEY"},"content":{"rendered":"\t\t<div data-elementor-type=\"wp-post\" data-elementor-id=\"11114\" class=\"elementor elementor-11114 elementor-2580\">\n\t\t\t\t\t\t\t\t\t<section class=\"elementor-section elementor-top-section elementor-element elementor-element-5aeb61e7 elementor-section-boxed elementor-section-height-default elementor-section-height-default\" data-id=\"5aeb61e7\" data-element_type=\"section\">\n\t\t\t\t\t\t<div class=\"elementor-container elementor-column-gap-default\">\n\t\t\t\t\t<div class=\"elementor-column elementor-col-33 elementor-top-column elementor-element elementor-element-1588c04c\" data-id=\"1588c04c\" data-element_type=\"column\">\n\t\t\t<div class=\"elementor-widget-wrap elementor-element-populated\">\n\t\t\t\t\t\t\t\t<div class=\"elementor-element elementor-element-5f6dbed8 elementor-widget elementor-widget-image\" data-id=\"5f6dbed8\" data-element_type=\"widget\" data-widget_type=\"image.default\">\n\t\t\t\t<div class=\"elementor-widget-container\">\n\t\t\t<style>\/*! elementor - v3.7.8 - 02-10-2022 *\/\n.elementor-widget-image{text-align:center}.elementor-widget-image a{display:inline-block}.elementor-widget-image a img[src$=\".svg\"]{width:48px}.elementor-widget-image img{vertical-align:middle;display:inline-block}<\/style>\t\t\t\t\t\t\t\t\t\t\t\t<img decoding=\"async\" width=\"494\" height=\"155\" src=\"https:\/\/www.cybeletile.com\/wp-content\/uploads\/2022\/10\/resim_2022-10-31_221107691.png\" class=\"attachment-large size-large\" alt=\"\" srcset=\"https:\/\/www.cybeletile.com\/wp-content\/uploads\/2022\/10\/resim_2022-10-31_221107691.png 494w, https:\/\/www.cybeletile.com\/wp-content\/uploads\/2022\/10\/resim_2022-10-31_221107691-300x94.png 300w, https:\/\/www.cybeletile.com\/wp-content\/uploads\/2022\/10\/resim_2022-10-31_221107691-1x1.png 1w, https:\/\/www.cybeletile.com\/wp-content\/uploads\/2022\/10\/resim_2022-10-31_221107691-10x3.png 10w\" sizes=\"(max-width: 494px) 100vw, 494px\" \/>\t\t\t\t\t\t\t\t\t\t\t\t\t\t\t<\/div>\n\t\t\t\t<\/div>\n\t\t\t\t<div class=\"elementor-element elementor-element-37579ca0 elementor-widget elementor-widget-image\" data-id=\"37579ca0\" data-element_type=\"widget\" data-widget_type=\"image.default\">\n\t\t\t\t<div class=\"elementor-widget-container\">\n\t\t\t\t\t\t\t\t\t\t\t\t\t\t\t<img decoding=\"async\" width=\"539\" height=\"108\" src=\"https:\/\/www.cybeletile.com\/wp-content\/uploads\/2022\/10\/resim_2022-10-31_134038539.png\" class=\"attachment-large size-large\" alt=\"\" srcset=\"https:\/\/www.cybeletile.com\/wp-content\/uploads\/2022\/10\/resim_2022-10-31_134038539.png 539w, https:\/\/www.cybeletile.com\/wp-content\/uploads\/2022\/10\/resim_2022-10-31_134038539-300x60.png 300w, https:\/\/www.cybeletile.com\/wp-content\/uploads\/2022\/10\/resim_2022-10-31_134038539-1x1.png 1w, https:\/\/www.cybeletile.com\/wp-content\/uploads\/2022\/10\/resim_2022-10-31_134038539-10x2.png 10w\" sizes=\"(max-width: 539px) 100vw, 539px\" \/>\t\t\t\t\t\t\t\t\t\t\t\t\t\t\t<\/div>\n\t\t\t\t<\/div>\n\t\t\t\t<div class=\"elementor-element elementor-element-3828cc36 elementor-widget elementor-widget-image\" data-id=\"3828cc36\" data-element_type=\"widget\" data-widget_type=\"image.default\">\n\t\t\t\t<div class=\"elementor-widget-container\">\n\t\t\t\t\t\t\t\t\t\t\t\t\t\t\t<img decoding=\"async\" width=\"845\" height=\"1024\" src=\"https:\/\/www.cybeletile.com\/wp-content\/uploads\/2022\/10\/5-9mm-4-face-845x1024.jpg\" class=\"attachment-large size-large\" alt=\"\" srcset=\"https:\/\/www.cybeletile.com\/wp-content\/uploads\/2022\/10\/5-9mm-4-face-845x1024.jpg 845w, https:\/\/www.cybeletile.com\/wp-content\/uploads\/2022\/10\/5-9mm-4-face-247x300.jpg 247w, https:\/\/www.cybeletile.com\/wp-content\/uploads\/2022\/10\/5-9mm-4-face-768x931.jpg 768w, https:\/\/www.cybeletile.com\/wp-content\/uploads\/2022\/10\/5-9mm-4-face-1x1.jpg 1w, https:\/\/www.cybeletile.com\/wp-content\/uploads\/2022\/10\/5-9mm-4-face-8x10.jpg 8w, https:\/\/www.cybeletile.com\/wp-content\/uploads\/2022\/10\/5-9mm-4-face.jpg 900w\" sizes=\"(max-width: 845px) 100vw, 845px\" \/>\t\t\t\t\t\t\t\t\t\t\t\t\t\t\t<\/div>\n\t\t\t\t<\/div>\n\t\t\t\t\t<\/div>\n\t\t<\/div>\n\t\t\t\t<div class=\"elementor-column elementor-col-33 elementor-top-column elementor-element elementor-element-dba3eea\" data-id=\"dba3eea\" data-element_type=\"column\">\n\t\t\t<div class=\"elementor-widget-wrap elementor-element-populated\">\n\t\t\t\t\t\t\t\t<div class=\"elementor-element elementor-element-55ecdcbc elementor-widget elementor-widget-image\" data-id=\"55ecdcbc\" data-element_type=\"widget\" data-widget_type=\"image.default\">\n\t\t\t\t<div class=\"elementor-widget-container\">\n\t\t\t\t\t\t\t\t\t\t\t\t\t\t\t<img decoding=\"async\" width=\"300\" height=\"600\" src=\"https:\/\/www.cybeletile.com\/wp-content\/uploads\/2025\/10\/ONYX-HONEY-F1.jpg\" class=\"attachment-large size-large\" alt=\"\" srcset=\"https:\/\/www.cybeletile.com\/wp-content\/uploads\/2025\/10\/ONYX-HONEY-F1.jpg 300w, https:\/\/www.cybeletile.com\/wp-content\/uploads\/2025\/10\/ONYX-HONEY-F1-150x300.jpg 150w, https:\/\/www.cybeletile.com\/wp-content\/uploads\/2025\/10\/ONYX-HONEY-F1-1x1.jpg 1w, https:\/\/www.cybeletile.com\/wp-content\/uploads\/2025\/10\/ONYX-HONEY-F1-5x10.jpg 5w\" sizes=\"(max-width: 300px) 100vw, 300px\" \/>\t\t\t\t\t\t\t\t\t\t\t\t\t\t\t<\/div>\n\t\t\t\t<\/div>\n\t\t\t\t\t<\/div>\n\t\t<\/div>\n\t\t\t\t<div class=\"elementor-column elementor-col-33 elementor-top-column elementor-element elementor-element-14a0922e\" data-id=\"14a0922e\" data-element_type=\"column\">\n\t\t\t<div class=\"elementor-widget-wrap elementor-element-populated\">\n\t\t\t\t\t\t\t\t<div class=\"elementor-element elementor-element-822e56f elementor-widget elementor-widget-etheme_gallery\" data-id=\"822e56f\" data-element_type=\"widget\" data-settings=\"{&quot;columns&quot;:{&quot;unit&quot;:&quot;px&quot;,&quot;size&quot;:2,&quot;sizes&quot;:[]},&quot;type&quot;:&quot;masonry&quot;,&quot;columns_tablet&quot;:{&quot;unit&quot;:&quot;px&quot;,&quot;size&quot;:3,&quot;sizes&quot;:[]},&quot;columns_mobile&quot;:{&quot;unit&quot;:&quot;px&quot;,&quot;size&quot;:2,&quot;sizes&quot;:[]},&quot;columns_gap&quot;:{&quot;unit&quot;:&quot;px&quot;,&quot;size&quot;:10,&quot;sizes&quot;:[]},&quot;columns_gap_tablet&quot;:{&quot;unit&quot;:&quot;px&quot;,&quot;size&quot;:&quot;&quot;,&quot;sizes&quot;:[]},&quot;columns_gap_mobile&quot;:{&quot;unit&quot;:&quot;px&quot;,&quot;size&quot;:&quot;&quot;,&quot;sizes&quot;:[]},&quot;rows_gap&quot;:{&quot;unit&quot;:&quot;px&quot;,&quot;size&quot;:10,&quot;sizes&quot;:[]},&quot;rows_gap_tablet&quot;:{&quot;unit&quot;:&quot;px&quot;,&quot;size&quot;:&quot;&quot;,&quot;sizes&quot;:[]},&quot;rows_gap_mobile&quot;:{&quot;unit&quot;:&quot;px&quot;,&quot;size&quot;:&quot;&quot;,&quot;sizes&quot;:[]}}\" data-widget_type=\"etheme_gallery.default\">\n\t\t\t\t<div class=\"elementor-widget-container\">\n\t\t\t        \r\n        <div class=\"etheme-gallery-wrapper\">\r\n            \t            \r\n\t            <div class=\"e-gallery etheme-gallery active\" id=\"etheme-gallery-7351\" data-item-settings=\"{&quot;type&quot;:&quot;masonry&quot;}\" data-uniq-id=\"7351\">\r\n                                <div class=\"e-gallery-item etheme-gallery-item\">\r\n                <div class=\"etheme-gallery-item-overlay\">\r\n                    <a data-elementor-open-lightbox=\"yes\" data-elementor-lightbox-slideshow=\"all-822e56f\" data-elementor-lightbox-title=\"ONYX HONEY F1\" e-action-hash=\"#elementor-action%3Aaction%3Dlightbox%26settings%3DeyJpZCI6MjU4NTgsInVybCI6Imh0dHBzOlwvXC93d3cuY3liZWxldGlsZS5jb21cL3dwLWNvbnRlbnRcL3VwbG9hZHNcLzIwMjVcLzEwXC9PTllYLUhPTkVZLUYxLmpwZyIsInNsaWRlc2hvdyI6ImFsbC04MjJlNTZmIn0%3D\" class=\"e-gallery-image etheme-gallery-image elementor-gallery-item__image\" data-thumbnail=\"https:\/\/www.cybeletile.com\/wp-content\/uploads\/2025\/10\/ONYX-HONEY-F1.jpg\" data-width=\"300\" data-height=\"600\" alt=\"\" style=\"background-image: url(&#039;https:\/\/www.cybeletile.com\/wp-content\/uploads\/2025\/10\/ONYX-HONEY-F1.jpg&#039;)\" href=\"https:\/\/www.cybeletile.com\/wp-content\/uploads\/2025\/10\/ONYX-HONEY-F1.jpg\"><\/a>\r\n\t                                <\/div>\r\n\t            <span class=\"etheme-gallery-item-details etheme-gallery-item-details-inside with-alignment\"><span class=\"etheme-gallery-lightbox-icon\">\r\n            <svg version=\"1.1\" xmlns=\"http:\/\/www.w3.org\/2000\/svg\" width=\"1em\" height=\"1em\" viewBox=\"0 0 24 24\" fill=\"currentColor\">\r\n                <path d=\"M23.784 22.8l-6.168-6.144c1.584-1.848 2.448-4.176 2.448-6.576 0-5.52-4.488-10.032-10.032-10.032-5.52 0-10.008 4.488-10.008 10.008s4.488 10.032 10.032 10.032c2.424 0 4.728-0.864 6.576-2.472l6.168 6.144c0.144 0.144 0.312 0.216 0.48 0.216s0.336-0.072 0.456-0.192c0.144-0.12 0.216-0.288 0.24-0.48 0-0.192-0.072-0.384-0.192-0.504zM18.696 10.080c0 4.752-3.888 8.64-8.664 8.64-4.752 0-8.64-3.888-8.64-8.664 0-4.752 3.888-8.64 8.664-8.64s8.64 3.888 8.64 8.664z\"><\/path>\r\n            <\/svg>\r\n        <\/span><\/span>\t                        <\/div>\r\n\t                <div class=\"e-gallery-item etheme-gallery-item\">\r\n                <div class=\"etheme-gallery-item-overlay\">\r\n                    <a data-elementor-open-lightbox=\"yes\" data-elementor-lightbox-slideshow=\"all-822e56f\" data-elementor-lightbox-title=\"ONYX HONEY F2\" e-action-hash=\"#elementor-action%3Aaction%3Dlightbox%26settings%3DeyJpZCI6MjU4NjUsInVybCI6Imh0dHBzOlwvXC93d3cuY3liZWxldGlsZS5jb21cL3dwLWNvbnRlbnRcL3VwbG9hZHNcLzIwMjVcLzEwXC9PTllYLUhPTkVZLUYyLmpwZyIsInNsaWRlc2hvdyI6ImFsbC04MjJlNTZmIn0%3D\" class=\"e-gallery-image etheme-gallery-image elementor-gallery-item__image\" data-thumbnail=\"https:\/\/www.cybeletile.com\/wp-content\/uploads\/2025\/10\/ONYX-HONEY-F2.jpg\" data-width=\"300\" data-height=\"600\" alt=\"\" style=\"background-image: url(&#039;https:\/\/www.cybeletile.com\/wp-content\/uploads\/2025\/10\/ONYX-HONEY-F2.jpg&#039;)\" href=\"https:\/\/www.cybeletile.com\/wp-content\/uploads\/2025\/10\/ONYX-HONEY-F2.jpg\"><\/a>\r\n\t                                <\/div>\r\n\t            <span class=\"etheme-gallery-item-details etheme-gallery-item-details-inside with-alignment\"><span class=\"etheme-gallery-lightbox-icon\">\r\n            <svg version=\"1.1\" xmlns=\"http:\/\/www.w3.org\/2000\/svg\" width=\"1em\" height=\"1em\" viewBox=\"0 0 24 24\" fill=\"currentColor\">\r\n                <path d=\"M23.784 22.8l-6.168-6.144c1.584-1.848 2.448-4.176 2.448-6.576 0-5.52-4.488-10.032-10.032-10.032-5.52 0-10.008 4.488-10.008 10.008s4.488 10.032 10.032 10.032c2.424 0 4.728-0.864 6.576-2.472l6.168 6.144c0.144 0.144 0.312 0.216 0.48 0.216s0.336-0.072 0.456-0.192c0.144-0.12 0.216-0.288 0.24-0.48 0-0.192-0.072-0.384-0.192-0.504zM18.696 10.080c0 4.752-3.888 8.64-8.664 8.64-4.752 0-8.64-3.888-8.64-8.664 0-4.752 3.888-8.64 8.664-8.64s8.64 3.888 8.64 8.664z\"><\/path>\r\n            <\/svg>\r\n        <\/span><\/span>\t                        <\/div>\r\n\t                <div class=\"e-gallery-item etheme-gallery-item\">\r\n                <div class=\"etheme-gallery-item-overlay\">\r\n                    <a data-elementor-open-lightbox=\"yes\" data-elementor-lightbox-slideshow=\"all-822e56f\" data-elementor-lightbox-title=\"ONYX HONEY F3\" e-action-hash=\"#elementor-action%3Aaction%3Dlightbox%26settings%3DeyJpZCI6MjU4NzIsInVybCI6Imh0dHBzOlwvXC93d3cuY3liZWxldGlsZS5jb21cL3dwLWNvbnRlbnRcL3VwbG9hZHNcLzIwMjVcLzEwXC9PTllYLUhPTkVZLUYzLmpwZyIsInNsaWRlc2hvdyI6ImFsbC04MjJlNTZmIn0%3D\" class=\"e-gallery-image etheme-gallery-image elementor-gallery-item__image\" data-thumbnail=\"https:\/\/www.cybeletile.com\/wp-content\/uploads\/2025\/10\/ONYX-HONEY-F3.jpg\" data-width=\"300\" data-height=\"600\" alt=\"\" style=\"background-image: url(&#039;https:\/\/www.cybeletile.com\/wp-content\/uploads\/2025\/10\/ONYX-HONEY-F3.jpg&#039;)\" href=\"https:\/\/www.cybeletile.com\/wp-content\/uploads\/2025\/10\/ONYX-HONEY-F3.jpg\"><\/a>\r\n\t                                <\/div>\r\n\t            <span class=\"etheme-gallery-item-details etheme-gallery-item-details-inside with-alignment\"><span class=\"etheme-gallery-lightbox-icon\">\r\n            <svg version=\"1.1\" xmlns=\"http:\/\/www.w3.org\/2000\/svg\" width=\"1em\" height=\"1em\" viewBox=\"0 0 24 24\" fill=\"currentColor\">\r\n                <path d=\"M23.784 22.8l-6.168-6.144c1.584-1.848 2.448-4.176 2.448-6.576 0-5.52-4.488-10.032-10.032-10.032-5.52 0-10.008 4.488-10.008 10.008s4.488 10.032 10.032 10.032c2.424 0 4.728-0.864 6.576-2.472l6.168 6.144c0.144 0.144 0.312 0.216 0.48 0.216s0.336-0.072 0.456-0.192c0.144-0.12 0.216-0.288 0.24-0.48 0-0.192-0.072-0.384-0.192-0.504zM18.696 10.080c0 4.752-3.888 8.64-8.664 8.64-4.752 0-8.64-3.888-8.64-8.664 0-4.752 3.888-8.64 8.664-8.64s8.64 3.888 8.64 8.664z\"><\/path>\r\n            <\/svg>\r\n        <\/span><\/span>\t                        <\/div>\r\n\t                <div class=\"e-gallery-item etheme-gallery-item\">\r\n                <div class=\"etheme-gallery-item-overlay\">\r\n                    <a data-elementor-open-lightbox=\"yes\" data-elementor-lightbox-slideshow=\"all-822e56f\" data-elementor-lightbox-title=\"ONYX HONEY F4\" e-action-hash=\"#elementor-action%3Aaction%3Dlightbox%26settings%3DeyJpZCI6MjU4NzksInVybCI6Imh0dHBzOlwvXC93d3cuY3liZWxldGlsZS5jb21cL3dwLWNvbnRlbnRcL3VwbG9hZHNcLzIwMjVcLzEwXC9PTllYLUhPTkVZLUY0LmpwZyIsInNsaWRlc2hvdyI6ImFsbC04MjJlNTZmIn0%3D\" class=\"e-gallery-image etheme-gallery-image elementor-gallery-item__image\" data-thumbnail=\"https:\/\/www.cybeletile.com\/wp-content\/uploads\/2025\/10\/ONYX-HONEY-F4.jpg\" data-width=\"300\" data-height=\"600\" alt=\"\" style=\"background-image: url(&#039;https:\/\/www.cybeletile.com\/wp-content\/uploads\/2025\/10\/ONYX-HONEY-F4.jpg&#039;)\" href=\"https:\/\/www.cybeletile.com\/wp-content\/uploads\/2025\/10\/ONYX-HONEY-F4.jpg\"><\/a>\r\n\t                                <\/div>\r\n\t            <span class=\"etheme-gallery-item-details etheme-gallery-item-details-inside with-alignment\"><span class=\"etheme-gallery-lightbox-icon\">\r\n            <svg version=\"1.1\" xmlns=\"http:\/\/www.w3.org\/2000\/svg\" width=\"1em\" height=\"1em\" viewBox=\"0 0 24 24\" fill=\"currentColor\">\r\n                <path d=\"M23.784 22.8l-6.168-6.144c1.584-1.848 2.448-4.176 2.448-6.576 0-5.52-4.488-10.032-10.032-10.032-5.52 0-10.008 4.488-10.008 10.008s4.488 10.032 10.032 10.032c2.424 0 4.728-0.864 6.576-2.472l6.168 6.144c0.144 0.144 0.312 0.216 0.48 0.216s0.336-0.072 0.456-0.192c0.144-0.12 0.216-0.288 0.24-0.48 0-0.192-0.072-0.384-0.192-0.504zM18.696 10.080c0 4.752-3.888 8.64-8.664 8.64-4.752 0-8.64-3.888-8.64-8.664 0-4.752 3.888-8.64 8.664-8.64s8.64 3.888 8.64 8.664z\"><\/path>\r\n            <\/svg>\r\n        <\/span><\/span>\t                        <\/div>\r\n\t                    <\/div>\r\n                    <\/div>\r\n        \r\n        \t\t<\/div>\n\t\t\t\t<\/div>\n\t\t\t\t\t<\/div>\n\t\t<\/div>\n\t\t\t\t\t\t\t<\/div>\n\t\t<\/section>\n\t\t\t\t\t\t\t<\/div>\n\t\t","protected":false},"excerpt":{"rendered":"","protected":false},"featured_media":5874,"comment_status":"open","ping_status":"closed","template":"","meta":[],"etheme_brands":[{"term_id":63,"name":"Cybele Tile","slug":"cybele-tile","term_group":0,"term_taxonomy_id":63,"taxonomy":"brand","description":"CybeleTile, uluslararas\u0131 ince karo uzmanlar\u0131n\u0131 ve do\u011fulu en iyi mimarlar\u0131 bir araya getirerek, en son ve yenilik\u00e7i \u00f6zel teknolojiyi kullanarak her ebatta Avrupa standartlar\u0131nda slim karo \u00fcretmektedir. Tasar\u0131m \u00f6zellikleri, ya\u015fam enerjisinin g\u00fc\u00e7l\u00fc belirleyicileridir. Bundan yola \u00e7\u0131karak daha etkili sonu\u00e7lar almak i\u00e7in insan\u0131 \u00e7\u0131k\u0131\u015f noktam\u0131z olarak benimsiyoruz. Taleplerinizin mekana yans\u0131mas\u0131 en \u00f6nemli kriterlerimizi olu\u015fturmaktad\u0131r. Ki\u015fisel ve ticari kullan\u0131m dahil olmak \u00fczere en ince ayr\u0131nt\u0131lar\u0131 titizlikle i\u015fliyoruz. \u00d6zel tasar\u0131mlara odaklan\u0131rken, g\u00f6rsellik ve malzemenin m\u00fckemmel birle\u015fimini olu\u015fturan karolar sunuyoruz.","parent":0,"count":1242,"filter":"raw"}],"product_cat":[258],"product_tag":[],"class_list":["post-11114","product","type-product","status-publish","has-post-thumbnail","hentry","brand-cybele-tile","product_cat-onyx-series-en"],"yoast_head":"<!-- This site is optimized with the Yoast SEO plugin v19.10 - https:\/\/yoast.com\/wordpress\/plugins\/seo\/ -->\n<title>ONYX HONEY - Cybele Tile<\/title>\n<meta name=\"robots\" content=\"index, follow, max-snippet:-1, max-image-preview:large, max-video-preview:-1\" \/>\n<link rel=\"canonical\" href=\"https:\/\/www.cybeletile.com\/en\/product\/onyx-honey\/\" \/>\n<meta property=\"og:locale\" content=\"en_US\" \/>\n<meta property=\"og:type\" content=\"article\" \/>\n<meta property=\"og:title\" content=\"ONYX HONEY - Cybele Tile\" \/>\n<meta property=\"og:url\" content=\"https:\/\/www.cybeletile.com\/en\/product\/onyx-honey\/\" \/>\n<meta property=\"og:site_name\" content=\"Cybele Tile\" \/>\n<meta property=\"article:publisher\" content=\"https:\/\/www.facebook.com\/cybeletile\" \/>\n<meta property=\"article:modified_time\" content=\"2025-10-22T07:12:06+00:00\" \/>\n<meta property=\"og:image\" content=\"https:\/\/www.cybeletile.com\/wp-content\/uploads\/2022\/10\/resim_2022-10-31_220909755.jpg\" \/>\n\t<meta property=\"og:image:width\" content=\"1920\" \/>\n\t<meta property=\"og:image:height\" content=\"1299\" \/>\n\t<meta property=\"og:image:type\" content=\"image\/jpeg\" \/>\n<meta name=\"twitter:card\" content=\"summary_large_image\" \/>\n<script type=\"application\/ld+json\" class=\"yoast-schema-graph\">{\"@context\":\"https:\/\/schema.org\",\"@graph\":[{\"@type\":\"WebPage\",\"@id\":\"https:\/\/www.cybeletile.com\/en\/product\/onyx-honey\/\",\"url\":\"https:\/\/www.cybeletile.com\/en\/product\/onyx-honey\/\",\"name\":\"ONYX HONEY - Cybele Tile\",\"isPartOf\":{\"@id\":\"https:\/\/www.cybeletile.com\/#website\"},\"datePublished\":\"2022-10-31T19:10:26+00:00\",\"dateModified\":\"2025-10-22T07:12:06+00:00\",\"breadcrumb\":{\"@id\":\"https:\/\/www.cybeletile.com\/en\/product\/onyx-honey\/#breadcrumb\"},\"inLanguage\":\"en-US\",\"potentialAction\":[{\"@type\":\"ReadAction\",\"target\":[\"https:\/\/www.cybeletile.com\/en\/product\/onyx-honey\/\"]}]},{\"@type\":\"BreadcrumbList\",\"@id\":\"https:\/\/www.cybeletile.com\/en\/product\/onyx-honey\/#breadcrumb\",\"itemListElement\":[{\"@type\":\"ListItem\",\"position\":1,\"name\":\"Anasayfa\",\"item\":\"https:\/\/www.cybeletile.com\/\"},{\"@type\":\"ListItem\",\"position\":2,\"name\":\"Our Collections\",\"item\":\"https:\/\/www.cybeletile.com\/urunlerimiz\/\"},{\"@type\":\"ListItem\",\"position\":3,\"name\":\"ONYX HONEY\"}]},{\"@type\":\"WebSite\",\"@id\":\"https:\/\/www.cybeletile.com\/#website\",\"url\":\"https:\/\/www.cybeletile.com\/\",\"name\":\"Cybele Tile\",\"description\":\"Cybele Tile\",\"publisher\":{\"@id\":\"https:\/\/www.cybeletile.com\/#organization\"},\"potentialAction\":[{\"@type\":\"SearchAction\",\"target\":{\"@type\":\"EntryPoint\",\"urlTemplate\":\"https:\/\/www.cybeletile.com\/?s={search_term_string}\"},\"query-input\":\"required name=search_term_string\"}],\"inLanguage\":\"en-US\"},{\"@type\":\"Organization\",\"@id\":\"https:\/\/www.cybeletile.com\/#organization\",\"name\":\"Cybele Tile\",\"url\":\"https:\/\/www.cybeletile.com\/\",\"logo\":{\"@type\":\"ImageObject\",\"inLanguage\":\"en-US\",\"@id\":\"https:\/\/www.cybeletile.com\/#\/schema\/logo\/image\/\",\"url\":\"https:\/\/www.cybeletile.com\/wp-content\/uploads\/2022\/11\/resim_2022-11-27_131728817.png\",\"contentUrl\":\"https:\/\/www.cybeletile.com\/wp-content\/uploads\/2022\/11\/resim_2022-11-27_131728817.png\",\"width\":300,\"height\":59,\"caption\":\"Cybele Tile\"},\"image\":{\"@id\":\"https:\/\/www.cybeletile.com\/#\/schema\/logo\/image\/\"},\"sameAs\":[\"https:\/\/www.instagram.com\/cybele_tile\",\"https:\/\/www.facebook.com\/cybeletile\"]}]}<\/script>\n<!-- \/ Yoast SEO plugin. -->","yoast_head_json":{"title":"ONYX HONEY - Cybele Tile","robots":{"index":"index","follow":"follow","max-snippet":"max-snippet:-1","max-image-preview":"max-image-preview:large","max-video-preview":"max-video-preview:-1"},"canonical":"https:\/\/www.cybeletile.com\/en\/product\/onyx-honey\/","og_locale":"en_US","og_type":"article","og_title":"ONYX HONEY - Cybele Tile","og_url":"https:\/\/www.cybeletile.com\/en\/product\/onyx-honey\/","og_site_name":"Cybele Tile","article_publisher":"https:\/\/www.facebook.com\/cybeletile","article_modified_time":"2025-10-22T07:12:06+00:00","og_image":[{"width":1920,"height":1299,"url":"https:\/\/www.cybeletile.com\/wp-content\/uploads\/2022\/10\/resim_2022-10-31_220909755.jpg","type":"image\/jpeg"}],"twitter_card":"summary_large_image","schema":{"@context":"https:\/\/schema.org","@graph":[{"@type":"WebPage","@id":"https:\/\/www.cybeletile.com\/en\/product\/onyx-honey\/","url":"https:\/\/www.cybeletile.com\/en\/product\/onyx-honey\/","name":"ONYX HONEY - Cybele Tile","isPartOf":{"@id":"https:\/\/www.cybeletile.com\/#website"},"datePublished":"2022-10-31T19:10:26+00:00","dateModified":"2025-10-22T07:12:06+00:00","breadcrumb":{"@id":"https:\/\/www.cybeletile.com\/en\/product\/onyx-honey\/#breadcrumb"},"inLanguage":"en-US","potentialAction":[{"@type":"ReadAction","target":["https:\/\/www.cybeletile.com\/en\/product\/onyx-honey\/"]}]},{"@type":"BreadcrumbList","@id":"https:\/\/www.cybeletile.com\/en\/product\/onyx-honey\/#breadcrumb","itemListElement":[{"@type":"ListItem","position":1,"name":"Anasayfa","item":"https:\/\/www.cybeletile.com\/"},{"@type":"ListItem","position":2,"name":"Our Collections","item":"https:\/\/www.cybeletile.com\/urunlerimiz\/"},{"@type":"ListItem","position":3,"name":"ONYX HONEY"}]},{"@type":"WebSite","@id":"https:\/\/www.cybeletile.com\/#website","url":"https:\/\/www.cybeletile.com\/","name":"Cybele Tile","description":"Cybele Tile","publisher":{"@id":"https:\/\/www.cybeletile.com\/#organization"},"potentialAction":[{"@type":"SearchAction","target":{"@type":"EntryPoint","urlTemplate":"https:\/\/www.cybeletile.com\/?s={search_term_string}"},"query-input":"required name=search_term_string"}],"inLanguage":"en-US"},{"@type":"Organization","@id":"https:\/\/www.cybeletile.com\/#organization","name":"Cybele Tile","url":"https:\/\/www.cybeletile.com\/","logo":{"@type":"ImageObject","inLanguage":"en-US","@id":"https:\/\/www.cybeletile.com\/#\/schema\/logo\/image\/","url":"https:\/\/www.cybeletile.com\/wp-content\/uploads\/2022\/11\/resim_2022-11-27_131728817.png","contentUrl":"https:\/\/www.cybeletile.com\/wp-content\/uploads\/2022\/11\/resim_2022-11-27_131728817.png","width":300,"height":59,"caption":"Cybele Tile"},"image":{"@id":"https:\/\/www.cybeletile.com\/#\/schema\/logo\/image\/"},"sameAs":["https:\/\/www.instagram.com\/cybele_tile","https:\/\/www.facebook.com\/cybeletile"]}]}},"_links":{"self":[{"href":"https:\/\/www.cybeletile.com\/en\/wp-json\/wp\/v2\/product\/11114","targetHints":{"allow":["GET"]}}],"collection":[{"href":"https:\/\/www.cybeletile.com\/en\/wp-json\/wp\/v2\/product"}],"about":[{"href":"https:\/\/www.cybeletile.com\/en\/wp-json\/wp\/v2\/types\/product"}],"replies":[{"embeddable":true,"href":"https:\/\/www.cybeletile.com\/en\/wp-json\/wp\/v2\/comments?post=11114"}],"version-history":[{"count":7,"href":"https:\/\/www.cybeletile.com\/en\/wp-json\/wp\/v2\/product\/11114\/revisions"}],"predecessor-version":[{"id":25901,"href":"https:\/\/www.cybeletile.com\/en\/wp-json\/wp\/v2\/product\/11114\/revisions\/25901"}],"wp:featuredmedia":[{"embeddable":true,"href":"https:\/\/www.cybeletile.com\/en\/wp-json\/wp\/v2\/media\/5874"}],"wp:attachment":[{"href":"https:\/\/www.cybeletile.com\/en\/wp-json\/wp\/v2\/media?parent=11114"}],"wp:term":[{"taxonomy":"brand","embeddable":true,"href":"https:\/\/www.cybeletile.com\/en\/wp-json\/wp\/v2\/etheme_brands?post=11114"},{"taxonomy":"product_cat","embeddable":true,"href":"https:\/\/www.cybeletile.com\/en\/wp-json\/wp\/v2\/product_cat?post=11114"},{"taxonomy":"product_tag","embeddable":true,"href":"https:\/\/www.cybeletile.com\/en\/wp-json\/wp\/v2\/product_tag?post=11114"}],"curies":[{"name":"wp","href":"https:\/\/api.w.org\/{rel}","templated":true}]}}