{"id":11730,"date":"2022-10-31T13:38:33","date_gmt":"2022-10-31T13:38:33","guid":{"rendered":"https:\/\/www.cybeletile.com\/product\/verde-tikal\/"},"modified":"2023-05-31T09:10:17","modified_gmt":"2023-05-31T09:10:17","slug":"verde-tikal","status":"publish","type":"product","link":"https:\/\/www.cybeletile.com\/de\/produkt\/verde-tikal\/","title":{"rendered":"VERDE TIKAL"},"content":{"rendered":"\t\t<div data-elementor-type=\"wp-post\" data-elementor-id=\"11730\" class=\"elementor elementor-11730 elementor-1955\">\n\t\t\t\t\t\t\t\t\t<section class=\"elementor-section elementor-top-section elementor-element elementor-element-5a196c00 elementor-section-boxed elementor-section-height-default elementor-section-height-default\" data-id=\"5a196c00\" data-element_type=\"section\">\n\t\t\t\t\t\t<div class=\"elementor-container elementor-column-gap-default\">\n\t\t\t\t\t<div class=\"elementor-column elementor-col-33 elementor-top-column elementor-element elementor-element-37aa49bd\" data-id=\"37aa49bd\" data-element_type=\"column\">\n\t\t\t<div class=\"elementor-widget-wrap elementor-element-populated\">\n\t\t\t\t\t\t\t\t<div class=\"elementor-element elementor-element-28ec4bf elementor-widget elementor-widget-image\" data-id=\"28ec4bf\" data-element_type=\"widget\" data-widget_type=\"image.default\">\n\t\t\t\t<div class=\"elementor-widget-container\">\n\t\t\t<style>\/*! elementor - v3.7.8 - 02-10-2022 *\/\n.elementor-widget-image{text-align:center}.elementor-widget-image a{display:inline-block}.elementor-widget-image a img[src$=\".svg\"]{width:48px}.elementor-widget-image img{vertical-align:middle;display:inline-block}<\/style>\t\t\t\t\t\t\t\t\t\t\t\t<img decoding=\"async\" width=\"313\" height=\"127\" src=\"https:\/\/www.cybeletile.com\/wp-content\/uploads\/2022\/10\/resim_2022-10-31_133855483.png\" class=\"attachment-large size-large\" alt=\"\" srcset=\"https:\/\/www.cybeletile.com\/wp-content\/uploads\/2022\/10\/resim_2022-10-31_133855483.png 313w, https:\/\/www.cybeletile.com\/wp-content\/uploads\/2022\/10\/resim_2022-10-31_133855483-300x122.png 300w, https:\/\/www.cybeletile.com\/wp-content\/uploads\/2022\/10\/resim_2022-10-31_133855483-1x1.png 1w, https:\/\/www.cybeletile.com\/wp-content\/uploads\/2022\/10\/resim_2022-10-31_133855483-10x4.png 10w\" sizes=\"(max-width: 313px) 100vw, 313px\" \/>\t\t\t\t\t\t\t\t\t\t\t\t\t\t\t<\/div>\n\t\t\t\t<\/div>\n\t\t\t\t<div class=\"elementor-element elementor-element-e771ba6 elementor-widget elementor-widget-image\" data-id=\"e771ba6\" data-element_type=\"widget\" data-widget_type=\"image.default\">\n\t\t\t\t<div class=\"elementor-widget-container\">\n\t\t\t\t\t\t\t\t\t\t\t\t\t\t\t<img decoding=\"async\" width=\"539\" height=\"108\" src=\"https:\/\/www.cybeletile.com\/wp-content\/uploads\/2022\/10\/resim_2022-10-31_134038539.png\" class=\"attachment-large size-large\" alt=\"\" srcset=\"https:\/\/www.cybeletile.com\/wp-content\/uploads\/2022\/10\/resim_2022-10-31_134038539.png 539w, https:\/\/www.cybeletile.com\/wp-content\/uploads\/2022\/10\/resim_2022-10-31_134038539-300x60.png 300w, https:\/\/www.cybeletile.com\/wp-content\/uploads\/2022\/10\/resim_2022-10-31_134038539-1x1.png 1w, https:\/\/www.cybeletile.com\/wp-content\/uploads\/2022\/10\/resim_2022-10-31_134038539-10x2.png 10w\" sizes=\"(max-width: 539px) 100vw, 539px\" \/>\t\t\t\t\t\t\t\t\t\t\t\t\t\t\t<\/div>\n\t\t\t\t<\/div>\n\t\t\t\t<div class=\"elementor-element elementor-element-7b834d36 elementor-widget elementor-widget-image\" data-id=\"7b834d36\" data-element_type=\"widget\" data-widget_type=\"image.default\">\n\t\t\t\t<div class=\"elementor-widget-container\">\n\t\t\t\t\t\t\t\t\t\t\t\t\t\t\t<img decoding=\"async\" width=\"873\" height=\"1024\" src=\"https:\/\/www.cybeletile.com\/wp-content\/uploads\/2022\/10\/9mm-4-face-873x1024.jpg\" class=\"attachment-large size-large\" alt=\"\" srcset=\"https:\/\/www.cybeletile.com\/wp-content\/uploads\/2022\/10\/9mm-4-face-873x1024.jpg 873w, https:\/\/www.cybeletile.com\/wp-content\/uploads\/2022\/10\/9mm-4-face-256x300.jpg 256w, https:\/\/www.cybeletile.com\/wp-content\/uploads\/2022\/10\/9mm-4-face-768x901.jpg 768w, https:\/\/www.cybeletile.com\/wp-content\/uploads\/2022\/10\/9mm-4-face-1x1.jpg 1w, https:\/\/www.cybeletile.com\/wp-content\/uploads\/2022\/10\/9mm-4-face.jpg 900w\" sizes=\"(max-width: 873px) 100vw, 873px\" \/>\t\t\t\t\t\t\t\t\t\t\t\t\t\t\t<\/div>\n\t\t\t\t<\/div>\n\t\t\t\t\t<\/div>\n\t\t<\/div>\n\t\t\t\t<div class=\"elementor-column elementor-col-33 elementor-top-column elementor-element elementor-element-7c0fa714\" data-id=\"7c0fa714\" data-element_type=\"column\">\n\t\t\t<div class=\"elementor-widget-wrap elementor-element-populated\">\n\t\t\t\t\t\t\t\t<div class=\"elementor-element elementor-element-7216ed4a elementor-widget elementor-widget-image\" data-id=\"7216ed4a\" data-element_type=\"widget\" data-widget_type=\"image.default\">\n\t\t\t\t<div class=\"elementor-widget-container\">\n\t\t\t\t\t\t\t\t\t\t\t\t\t\t\t<img decoding=\"async\" width=\"519\" height=\"1024\" src=\"https:\/\/www.cybeletile.com\/wp-content\/uploads\/2022\/10\/resim_2022-10-31_164007018-519x1024.jpg\" class=\"attachment-large size-large\" alt=\"\" srcset=\"https:\/\/www.cybeletile.com\/wp-content\/uploads\/2022\/10\/resim_2022-10-31_164007018-519x1024.jpg 519w, https:\/\/www.cybeletile.com\/wp-content\/uploads\/2022\/10\/resim_2022-10-31_164007018-152x300.jpg 152w, https:\/\/www.cybeletile.com\/wp-content\/uploads\/2022\/10\/resim_2022-10-31_164007018-768x1514.jpg 768w, https:\/\/www.cybeletile.com\/wp-content\/uploads\/2022\/10\/resim_2022-10-31_164007018-779x1536.jpg 779w, https:\/\/www.cybeletile.com\/wp-content\/uploads\/2022\/10\/resim_2022-10-31_164007018-1x1.jpg 1w, https:\/\/www.cybeletile.com\/wp-content\/uploads\/2022\/10\/resim_2022-10-31_164007018-5x10.jpg 5w, https:\/\/www.cybeletile.com\/wp-content\/uploads\/2022\/10\/resim_2022-10-31_164007018.jpg 974w\" sizes=\"(max-width: 519px) 100vw, 519px\" \/>\t\t\t\t\t\t\t\t\t\t\t\t\t\t\t<\/div>\n\t\t\t\t<\/div>\n\t\t\t\t\t<\/div>\n\t\t<\/div>\n\t\t\t\t<div class=\"elementor-column elementor-col-33 elementor-top-column elementor-element elementor-element-2e0a0033\" data-id=\"2e0a0033\" data-element_type=\"column\">\n\t\t\t<div class=\"elementor-widget-wrap elementor-element-populated\">\n\t\t\t\t\t\t\t\t<div class=\"elementor-element elementor-element-1899c118 elementor-widget elementor-widget-etheme_gallery\" data-id=\"1899c118\" data-element_type=\"widget\" data-settings=\"{&quot;columns&quot;:{&quot;unit&quot;:&quot;px&quot;,&quot;size&quot;:2,&quot;sizes&quot;:[]},&quot;type&quot;:&quot;masonry&quot;,&quot;columns_tablet&quot;:{&quot;unit&quot;:&quot;px&quot;,&quot;size&quot;:3,&quot;sizes&quot;:[]},&quot;columns_mobile&quot;:{&quot;unit&quot;:&quot;px&quot;,&quot;size&quot;:2,&quot;sizes&quot;:[]},&quot;columns_gap&quot;:{&quot;unit&quot;:&quot;px&quot;,&quot;size&quot;:10,&quot;sizes&quot;:[]},&quot;columns_gap_tablet&quot;:{&quot;unit&quot;:&quot;px&quot;,&quot;size&quot;:&quot;&quot;,&quot;sizes&quot;:[]},&quot;columns_gap_mobile&quot;:{&quot;unit&quot;:&quot;px&quot;,&quot;size&quot;:&quot;&quot;,&quot;sizes&quot;:[]},&quot;rows_gap&quot;:{&quot;unit&quot;:&quot;px&quot;,&quot;size&quot;:10,&quot;sizes&quot;:[]},&quot;rows_gap_tablet&quot;:{&quot;unit&quot;:&quot;px&quot;,&quot;size&quot;:&quot;&quot;,&quot;sizes&quot;:[]},&quot;rows_gap_mobile&quot;:{&quot;unit&quot;:&quot;px&quot;,&quot;size&quot;:&quot;&quot;,&quot;sizes&quot;:[]}}\" data-widget_type=\"etheme_gallery.default\">\n\t\t\t\t<div class=\"elementor-widget-container\">\n\t\t\t        \r\n        <div class=\"etheme-gallery-wrapper\">\r\n            \t            \r\n\t            <div class=\"e-gallery etheme-gallery active\" id=\"etheme-gallery-3589\" data-item-settings=\"{&quot;type&quot;:&quot;masonry&quot;}\" data-uniq-id=\"3589\">\r\n                                <div class=\"e-gallery-item etheme-gallery-item\">\r\n                <div class=\"etheme-gallery-item-overlay\">\r\n                    <a data-elementor-open-lightbox=\"yes\" data-elementor-lightbox-slideshow=\"all-1899c118\" data-elementor-lightbox-title=\"resim_2022-10-31_164039314\" e-action-hash=\"#elementor-action%3Aaction%3Dlightbox%26settings%3DeyJpZCI6MTk2MCwidXJsIjoiaHR0cHM6XC9cL3d3dy5jeWJlbGV0aWxlLmNvbVwvd3AtY29udGVudFwvdXBsb2Fkc1wvMjAyMlwvMTBcL3Jlc2ltXzIwMjItMTAtMzFfMTY0MDM5MzE0LmpwZyIsInNsaWRlc2hvdyI6ImFsbC0xODk5YzExOCJ9\" class=\"e-gallery-image etheme-gallery-image elementor-gallery-item__image\" data-thumbnail=\"https:\/\/www.cybeletile.com\/wp-content\/uploads\/2022\/10\/resim_2022-10-31_164039314.jpg\" data-width=\"491\" data-height=\"974\" alt=\"\" style=\"background-image: url(&#039;https:\/\/www.cybeletile.com\/wp-content\/uploads\/2022\/10\/resim_2022-10-31_164039314.jpg&#039;)\" href=\"https:\/\/www.cybeletile.com\/wp-content\/uploads\/2022\/10\/resim_2022-10-31_164039314.jpg\"><\/a>\r\n\t                                <\/div>\r\n\t            <span class=\"etheme-gallery-item-details etheme-gallery-item-details-inside with-alignment\"><span class=\"etheme-gallery-lightbox-icon\">\r\n            <svg version=\"1.1\" xmlns=\"http:\/\/www.w3.org\/2000\/svg\" width=\"1em\" height=\"1em\" viewBox=\"0 0 24 24\" fill=\"currentColor\">\r\n                <path d=\"M23.784 22.8l-6.168-6.144c1.584-1.848 2.448-4.176 2.448-6.576 0-5.52-4.488-10.032-10.032-10.032-5.52 0-10.008 4.488-10.008 10.008s4.488 10.032 10.032 10.032c2.424 0 4.728-0.864 6.576-2.472l6.168 6.144c0.144 0.144 0.312 0.216 0.48 0.216s0.336-0.072 0.456-0.192c0.144-0.12 0.216-0.288 0.24-0.48 0-0.192-0.072-0.384-0.192-0.504zM18.696 10.080c0 4.752-3.888 8.64-8.664 8.64-4.752 0-8.64-3.888-8.64-8.664 0-4.752 3.888-8.64 8.664-8.64s8.64 3.888 8.64 8.664z\"><\/path>\r\n            <\/svg>\r\n        <\/span><\/span>\t                        <\/div>\r\n\t                <div class=\"e-gallery-item etheme-gallery-item\">\r\n                <div class=\"etheme-gallery-item-overlay\">\r\n                    <a data-elementor-open-lightbox=\"yes\" data-elementor-lightbox-slideshow=\"all-1899c118\" data-elementor-lightbox-title=\"resim_2022-10-31_164043269\" e-action-hash=\"#elementor-action%3Aaction%3Dlightbox%26settings%3DeyJpZCI6MTk2MSwidXJsIjoiaHR0cHM6XC9cL3d3dy5jeWJlbGV0aWxlLmNvbVwvd3AtY29udGVudFwvdXBsb2Fkc1wvMjAyMlwvMTBcL3Jlc2ltXzIwMjItMTAtMzFfMTY0MDQzMjY5LmpwZyIsInNsaWRlc2hvdyI6ImFsbC0xODk5YzExOCJ9\" class=\"e-gallery-image etheme-gallery-image elementor-gallery-item__image\" data-thumbnail=\"https:\/\/www.cybeletile.com\/wp-content\/uploads\/2022\/10\/resim_2022-10-31_164043269.jpg\" data-width=\"491\" data-height=\"974\" alt=\"\" style=\"background-image: url(&#039;https:\/\/www.cybeletile.com\/wp-content\/uploads\/2022\/10\/resim_2022-10-31_164043269.jpg&#039;)\" href=\"https:\/\/www.cybeletile.com\/wp-content\/uploads\/2022\/10\/resim_2022-10-31_164043269.jpg\"><\/a>\r\n\t                                <\/div>\r\n\t            <span class=\"etheme-gallery-item-details etheme-gallery-item-details-inside with-alignment\"><span class=\"etheme-gallery-lightbox-icon\">\r\n            <svg version=\"1.1\" xmlns=\"http:\/\/www.w3.org\/2000\/svg\" width=\"1em\" height=\"1em\" viewBox=\"0 0 24 24\" fill=\"currentColor\">\r\n                <path d=\"M23.784 22.8l-6.168-6.144c1.584-1.848 2.448-4.176 2.448-6.576 0-5.52-4.488-10.032-10.032-10.032-5.52 0-10.008 4.488-10.008 10.008s4.488 10.032 10.032 10.032c2.424 0 4.728-0.864 6.576-2.472l6.168 6.144c0.144 0.144 0.312 0.216 0.48 0.216s0.336-0.072 0.456-0.192c0.144-0.12 0.216-0.288 0.24-0.48 0-0.192-0.072-0.384-0.192-0.504zM18.696 10.080c0 4.752-3.888 8.64-8.664 8.64-4.752 0-8.64-3.888-8.64-8.664 0-4.752 3.888-8.64 8.664-8.64s8.64 3.888 8.64 8.664z\"><\/path>\r\n            <\/svg>\r\n        <\/span><\/span>\t                        <\/div>\r\n\t                <div class=\"e-gallery-item etheme-gallery-item\">\r\n                <div class=\"etheme-gallery-item-overlay\">\r\n                    <a data-elementor-open-lightbox=\"yes\" data-elementor-lightbox-slideshow=\"all-1899c118\" data-elementor-lightbox-title=\"resim_2022-10-31_164047204\" e-action-hash=\"#elementor-action%3Aaction%3Dlightbox%26settings%3DeyJpZCI6MTk2MiwidXJsIjoiaHR0cHM6XC9cL3d3dy5jeWJlbGV0aWxlLmNvbVwvd3AtY29udGVudFwvdXBsb2Fkc1wvMjAyMlwvMTBcL3Jlc2ltXzIwMjItMTAtMzFfMTY0MDQ3MjA0LmpwZyIsInNsaWRlc2hvdyI6ImFsbC0xODk5YzExOCJ9\" class=\"e-gallery-image etheme-gallery-image elementor-gallery-item__image\" data-thumbnail=\"https:\/\/www.cybeletile.com\/wp-content\/uploads\/2022\/10\/resim_2022-10-31_164047204.jpg\" data-width=\"491\" data-height=\"974\" alt=\"\" style=\"background-image: url(&#039;https:\/\/www.cybeletile.com\/wp-content\/uploads\/2022\/10\/resim_2022-10-31_164047204.jpg&#039;)\" href=\"https:\/\/www.cybeletile.com\/wp-content\/uploads\/2022\/10\/resim_2022-10-31_164047204.jpg\"><\/a>\r\n\t                                <\/div>\r\n\t            <span class=\"etheme-gallery-item-details etheme-gallery-item-details-inside with-alignment\"><span class=\"etheme-gallery-lightbox-icon\">\r\n            <svg version=\"1.1\" xmlns=\"http:\/\/www.w3.org\/2000\/svg\" width=\"1em\" height=\"1em\" viewBox=\"0 0 24 24\" fill=\"currentColor\">\r\n                <path d=\"M23.784 22.8l-6.168-6.144c1.584-1.848 2.448-4.176 2.448-6.576 0-5.52-4.488-10.032-10.032-10.032-5.52 0-10.008 4.488-10.008 10.008s4.488 10.032 10.032 10.032c2.424 0 4.728-0.864 6.576-2.472l6.168 6.144c0.144 0.144 0.312 0.216 0.48 0.216s0.336-0.072 0.456-0.192c0.144-0.12 0.216-0.288 0.24-0.48 0-0.192-0.072-0.384-0.192-0.504zM18.696 10.080c0 4.752-3.888 8.64-8.664 8.64-4.752 0-8.64-3.888-8.64-8.664 0-4.752 3.888-8.64 8.664-8.64s8.64 3.888 8.64 8.664z\"><\/path>\r\n            <\/svg>\r\n        <\/span><\/span>\t                        <\/div>\r\n\t                <div class=\"e-gallery-item etheme-gallery-item\">\r\n                <div class=\"etheme-gallery-item-overlay\">\r\n                    <a data-elementor-open-lightbox=\"yes\" data-elementor-lightbox-slideshow=\"all-1899c118\" data-elementor-lightbox-title=\"resim_2022-10-31_164050613\" e-action-hash=\"#elementor-action%3Aaction%3Dlightbox%26settings%3DeyJpZCI6MTk2MywidXJsIjoiaHR0cHM6XC9cL3d3dy5jeWJlbGV0aWxlLmNvbVwvd3AtY29udGVudFwvdXBsb2Fkc1wvMjAyMlwvMTBcL3Jlc2ltXzIwMjItMTAtMzFfMTY0MDUwNjEzLmpwZyIsInNsaWRlc2hvdyI6ImFsbC0xODk5YzExOCJ9\" class=\"e-gallery-image etheme-gallery-image elementor-gallery-item__image\" data-thumbnail=\"https:\/\/www.cybeletile.com\/wp-content\/uploads\/2022\/10\/resim_2022-10-31_164050613.jpg\" data-width=\"491\" data-height=\"974\" alt=\"\" style=\"background-image: url(&#039;https:\/\/www.cybeletile.com\/wp-content\/uploads\/2022\/10\/resim_2022-10-31_164050613.jpg&#039;)\" href=\"https:\/\/www.cybeletile.com\/wp-content\/uploads\/2022\/10\/resim_2022-10-31_164050613.jpg\"><\/a>\r\n\t                                <\/div>\r\n\t            <span class=\"etheme-gallery-item-details etheme-gallery-item-details-inside with-alignment\"><span class=\"etheme-gallery-lightbox-icon\">\r\n            <svg version=\"1.1\" xmlns=\"http:\/\/www.w3.org\/2000\/svg\" width=\"1em\" height=\"1em\" viewBox=\"0 0 24 24\" fill=\"currentColor\">\r\n                <path d=\"M23.784 22.8l-6.168-6.144c1.584-1.848 2.448-4.176 2.448-6.576 0-5.52-4.488-10.032-10.032-10.032-5.52 0-10.008 4.488-10.008 10.008s4.488 10.032 10.032 10.032c2.424 0 4.728-0.864 6.576-2.472l6.168 6.144c0.144 0.144 0.312 0.216 0.48 0.216s0.336-0.072 0.456-0.192c0.144-0.12 0.216-0.288 0.24-0.48 0-0.192-0.072-0.384-0.192-0.504zM18.696 10.080c0 4.752-3.888 8.64-8.664 8.64-4.752 0-8.64-3.888-8.64-8.664 0-4.752 3.888-8.64 8.664-8.64s8.64 3.888 8.64 8.664z\"><\/path>\r\n            <\/svg>\r\n        <\/span><\/span>\t                        <\/div>\r\n\t                    <\/div>\r\n                    <\/div>\r\n        \r\n        \t\t<\/div>\n\t\t\t\t<\/div>\n\t\t\t\t\t<\/div>\n\t\t<\/div>\n\t\t\t\t\t\t\t<\/div>\n\t\t<\/section>\n\t\t\t\t\t\t\t<\/div>\n\t\t","protected":false},"excerpt":{"rendered":"","protected":false},"featured_media":4964,"comment_status":"open","ping_status":"closed","template":"","meta":[],"etheme_brands":[{"term_id":63,"name":"Cybele Tile","slug":"cybele-tile","term_group":0,"term_taxonomy_id":63,"taxonomy":"brand","description":"CybeleTile, uluslararas\u0131 ince karo uzmanlar\u0131n\u0131 ve do\u011fulu en iyi mimarlar\u0131 bir araya getirerek, en son ve yenilik\u00e7i \u00f6zel teknolojiyi kullanarak her ebatta Avrupa standartlar\u0131nda slim karo \u00fcretmektedir. Tasar\u0131m \u00f6zellikleri, ya\u015fam enerjisinin g\u00fc\u00e7l\u00fc belirleyicileridir. Bundan yola \u00e7\u0131karak daha etkili sonu\u00e7lar almak i\u00e7in insan\u0131 \u00e7\u0131k\u0131\u015f noktam\u0131z olarak benimsiyoruz. Taleplerinizin mekana yans\u0131mas\u0131 en \u00f6nemli kriterlerimizi olu\u015fturmaktad\u0131r. Ki\u015fisel ve ticari kullan\u0131m dahil olmak \u00fczere en ince ayr\u0131nt\u0131lar\u0131 titizlikle i\u015fliyoruz. \u00d6zel tasar\u0131mlara odaklan\u0131rken, g\u00f6rsellik ve malzemenin m\u00fckemmel birle\u015fimini olu\u015fturan karolar sunuyoruz.","parent":0,"count":1242,"filter":"raw"}],"product_cat":[231],"product_tag":[],"class_list":["post-11730","product","type-product","status-publish","has-post-thumbnail","hentry","brand-cybele-tile","product_cat-elegance-series-de"],"yoast_head":"<!-- This site is optimized with the Yoast SEO plugin v19.10 - https:\/\/yoast.com\/wordpress\/plugins\/seo\/ -->\n<title>VERDE TIKAL - Cybele Tile<\/title>\n<meta name=\"robots\" content=\"index, follow, max-snippet:-1, max-image-preview:large, max-video-preview:-1\" \/>\n<link rel=\"canonical\" href=\"https:\/\/www.cybeletile.com\/de\/produkt\/verde-tikal\/\" \/>\n<meta property=\"og:locale\" content=\"de_DE\" \/>\n<meta property=\"og:type\" content=\"article\" \/>\n<meta property=\"og:title\" content=\"VERDE TIKAL - Cybele Tile\" \/>\n<meta property=\"og:url\" content=\"https:\/\/www.cybeletile.com\/de\/produkt\/verde-tikal\/\" \/>\n<meta property=\"og:site_name\" content=\"Cybele Tile\" \/>\n<meta property=\"article:publisher\" content=\"https:\/\/www.facebook.com\/cybeletile\" \/>\n<meta property=\"article:modified_time\" content=\"2023-05-31T09:10:17+00:00\" \/>\n<meta property=\"og:image\" content=\"https:\/\/www.cybeletile.com\/wp-content\/uploads\/2022\/10\/resim_2022-10-31_163702861.jpg\" \/>\n\t<meta property=\"og:image:width\" content=\"1920\" \/>\n\t<meta property=\"og:image:height\" content=\"1299\" \/>\n\t<meta property=\"og:image:type\" content=\"image\/jpeg\" \/>\n<meta name=\"twitter:card\" content=\"summary_large_image\" \/>\n<script type=\"application\/ld+json\" class=\"yoast-schema-graph\">{\"@context\":\"https:\/\/schema.org\",\"@graph\":[{\"@type\":\"WebPage\",\"@id\":\"https:\/\/www.cybeletile.com\/de\/produkt\/verde-tikal\/\",\"url\":\"https:\/\/www.cybeletile.com\/de\/produkt\/verde-tikal\/\",\"name\":\"VERDE TIKAL - Cybele Tile\",\"isPartOf\":{\"@id\":\"https:\/\/www.cybeletile.com\/#website\"},\"datePublished\":\"2022-10-31T13:38:33+00:00\",\"dateModified\":\"2023-05-31T09:10:17+00:00\",\"breadcrumb\":{\"@id\":\"https:\/\/www.cybeletile.com\/de\/produkt\/verde-tikal\/#breadcrumb\"},\"inLanguage\":\"de\",\"potentialAction\":[{\"@type\":\"ReadAction\",\"target\":[\"https:\/\/www.cybeletile.com\/de\/produkt\/verde-tikal\/\"]}]},{\"@type\":\"BreadcrumbList\",\"@id\":\"https:\/\/www.cybeletile.com\/de\/produkt\/verde-tikal\/#breadcrumb\",\"itemListElement\":[{\"@type\":\"ListItem\",\"position\":1,\"name\":\"Anasayfa\",\"item\":\"https:\/\/www.cybeletile.com\/de\/\"},{\"@type\":\"ListItem\",\"position\":2,\"name\":\"Unsere Produkte\",\"item\":\"https:\/\/www.cybeletile.com\/de\/shop\/\"},{\"@type\":\"ListItem\",\"position\":3,\"name\":\"VERDE TIKAL\"}]},{\"@type\":\"WebSite\",\"@id\":\"https:\/\/www.cybeletile.com\/#website\",\"url\":\"https:\/\/www.cybeletile.com\/\",\"name\":\"Cybele Tile\",\"description\":\"Cybele Tile\",\"publisher\":{\"@id\":\"https:\/\/www.cybeletile.com\/#organization\"},\"potentialAction\":[{\"@type\":\"SearchAction\",\"target\":{\"@type\":\"EntryPoint\",\"urlTemplate\":\"https:\/\/www.cybeletile.com\/?s={search_term_string}\"},\"query-input\":\"required name=search_term_string\"}],\"inLanguage\":\"de\"},{\"@type\":\"Organization\",\"@id\":\"https:\/\/www.cybeletile.com\/#organization\",\"name\":\"Cybele Tile\",\"url\":\"https:\/\/www.cybeletile.com\/\",\"logo\":{\"@type\":\"ImageObject\",\"inLanguage\":\"de\",\"@id\":\"https:\/\/www.cybeletile.com\/#\/schema\/logo\/image\/\",\"url\":\"https:\/\/www.cybeletile.com\/wp-content\/uploads\/2022\/11\/resim_2022-11-27_131728817.png\",\"contentUrl\":\"https:\/\/www.cybeletile.com\/wp-content\/uploads\/2022\/11\/resim_2022-11-27_131728817.png\",\"width\":300,\"height\":59,\"caption\":\"Cybele Tile\"},\"image\":{\"@id\":\"https:\/\/www.cybeletile.com\/#\/schema\/logo\/image\/\"},\"sameAs\":[\"https:\/\/www.instagram.com\/cybele_tile\",\"https:\/\/www.facebook.com\/cybeletile\"]}]}<\/script>\n<!-- \/ Yoast SEO plugin. -->","yoast_head_json":{"title":"VERDE TIKAL - Cybele Tile","robots":{"index":"index","follow":"follow","max-snippet":"max-snippet:-1","max-image-preview":"max-image-preview:large","max-video-preview":"max-video-preview:-1"},"canonical":"https:\/\/www.cybeletile.com\/de\/produkt\/verde-tikal\/","og_locale":"de_DE","og_type":"article","og_title":"VERDE TIKAL - Cybele Tile","og_url":"https:\/\/www.cybeletile.com\/de\/produkt\/verde-tikal\/","og_site_name":"Cybele Tile","article_publisher":"https:\/\/www.facebook.com\/cybeletile","article_modified_time":"2023-05-31T09:10:17+00:00","og_image":[{"width":1920,"height":1299,"url":"https:\/\/www.cybeletile.com\/wp-content\/uploads\/2022\/10\/resim_2022-10-31_163702861.jpg","type":"image\/jpeg"}],"twitter_card":"summary_large_image","schema":{"@context":"https:\/\/schema.org","@graph":[{"@type":"WebPage","@id":"https:\/\/www.cybeletile.com\/de\/produkt\/verde-tikal\/","url":"https:\/\/www.cybeletile.com\/de\/produkt\/verde-tikal\/","name":"VERDE TIKAL - Cybele Tile","isPartOf":{"@id":"https:\/\/www.cybeletile.com\/#website"},"datePublished":"2022-10-31T13:38:33+00:00","dateModified":"2023-05-31T09:10:17+00:00","breadcrumb":{"@id":"https:\/\/www.cybeletile.com\/de\/produkt\/verde-tikal\/#breadcrumb"},"inLanguage":"de","potentialAction":[{"@type":"ReadAction","target":["https:\/\/www.cybeletile.com\/de\/produkt\/verde-tikal\/"]}]},{"@type":"BreadcrumbList","@id":"https:\/\/www.cybeletile.com\/de\/produkt\/verde-tikal\/#breadcrumb","itemListElement":[{"@type":"ListItem","position":1,"name":"Anasayfa","item":"https:\/\/www.cybeletile.com\/de\/"},{"@type":"ListItem","position":2,"name":"Unsere Produkte","item":"https:\/\/www.cybeletile.com\/de\/shop\/"},{"@type":"ListItem","position":3,"name":"VERDE TIKAL"}]},{"@type":"WebSite","@id":"https:\/\/www.cybeletile.com\/#website","url":"https:\/\/www.cybeletile.com\/","name":"Cybele Tile","description":"Cybele Tile","publisher":{"@id":"https:\/\/www.cybeletile.com\/#organization"},"potentialAction":[{"@type":"SearchAction","target":{"@type":"EntryPoint","urlTemplate":"https:\/\/www.cybeletile.com\/?s={search_term_string}"},"query-input":"required name=search_term_string"}],"inLanguage":"de"},{"@type":"Organization","@id":"https:\/\/www.cybeletile.com\/#organization","name":"Cybele Tile","url":"https:\/\/www.cybeletile.com\/","logo":{"@type":"ImageObject","inLanguage":"de","@id":"https:\/\/www.cybeletile.com\/#\/schema\/logo\/image\/","url":"https:\/\/www.cybeletile.com\/wp-content\/uploads\/2022\/11\/resim_2022-11-27_131728817.png","contentUrl":"https:\/\/www.cybeletile.com\/wp-content\/uploads\/2022\/11\/resim_2022-11-27_131728817.png","width":300,"height":59,"caption":"Cybele Tile"},"image":{"@id":"https:\/\/www.cybeletile.com\/#\/schema\/logo\/image\/"},"sameAs":["https:\/\/www.instagram.com\/cybele_tile","https:\/\/www.facebook.com\/cybeletile"]}]}},"_links":{"self":[{"href":"https:\/\/www.cybeletile.com\/de\/wp-json\/wp\/v2\/product\/11730","targetHints":{"allow":["GET"]}}],"collection":[{"href":"https:\/\/www.cybeletile.com\/de\/wp-json\/wp\/v2\/product"}],"about":[{"href":"https:\/\/www.cybeletile.com\/de\/wp-json\/wp\/v2\/types\/product"}],"replies":[{"embeddable":true,"href":"https:\/\/www.cybeletile.com\/de\/wp-json\/wp\/v2\/comments?post=11730"}],"version-history":[{"count":4,"href":"https:\/\/www.cybeletile.com\/de\/wp-json\/wp\/v2\/product\/11730\/revisions"}],"predecessor-version":[{"id":16920,"href":"https:\/\/www.cybeletile.com\/de\/wp-json\/wp\/v2\/product\/11730\/revisions\/16920"}],"wp:featuredmedia":[{"embeddable":true,"href":"https:\/\/www.cybeletile.com\/de\/wp-json\/wp\/v2\/media\/4964"}],"wp:attachment":[{"href":"https:\/\/www.cybeletile.com\/de\/wp-json\/wp\/v2\/media?parent=11730"}],"wp:term":[{"taxonomy":"brand","embeddable":true,"href":"https:\/\/www.cybeletile.com\/de\/wp-json\/wp\/v2\/etheme_brands?post=11730"},{"taxonomy":"product_cat","embeddable":true,"href":"https:\/\/www.cybeletile.com\/de\/wp-json\/wp\/v2\/product_cat?post=11730"},{"taxonomy":"product_tag","embeddable":true,"href":"https:\/\/www.cybeletile.com\/de\/wp-json\/wp\/v2\/product_tag?post=11730"}],"curies":[{"name":"wp","href":"https:\/\/api.w.org\/{rel}","templated":true}]}}